{"id":139,"date":"2013-05-17T18:30:39","date_gmt":"2013-05-17T16:30:39","guid":{"rendered":"http:\/\/www.arundegschicht.at\/psychotherapie\/?page_id=139"},"modified":"2022-12-28T13:59:21","modified_gmt":"2022-12-28T12:59:21","slug":"kontakt","status":"publish","type":"page","link":"https:\/\/www.arundegschicht.at\/axams\/kontakt\/","title":{"rendered":"Kontakt"},"content":{"rendered":"<p style=\"text-align: left;\">Sie finden die<em> Praxisgemeinschaft f\u00fcr Psychotherapie Axams im Angerweg 1, der direkt an die Innsbruckerstra\u00dfe, <\/em>der Hauptverkehrsader von Axams, kreuzt.<\/p>\n<p style=\"text-align: left;\">Direkt vor der Praxis befindet sich die Bushaltestelle der Linie_4162 (Axams &#8211; Birgitz &#8211; G\u00f6tzens &#8211; Innsbruck) welche alle 15 min. verkehrt.<\/p>\n<p><strong>Parkm\u00f6glichkeiten<\/strong><\/p>\n<p>Direkt vor unserer Praxis stehen 2 Parkpl\u00e4tze f\u00fcr Sie zur Verf\u00fcgung.<\/p>\n<p>Zwei weitere Parkpl\u00e4tze die unserer Praxisgemeinschaft &#8222;A runde G\u00b4schicht&#8220; angeh\u00f6ren,<br \/>\nbefinden sich gleich nebenan beschriftet in der Innsbruckerstrasse 26 &#8211; 6094 Axams.<\/p>\n<p><a href=\"https:\/\/www.arundegschicht.at\/axams\/wp-content\/uploads\/2022\/07\/IMG_20220709_1135173580.jpg\"><img loading=\"lazy\" decoding=\"async\" class=\"alignnone size-medium wp-image-2259\" src=\"https:\/\/www.arundegschicht.at\/axams\/wp-content\/uploads\/2022\/07\/IMG_20220709_1135173580-300x225.jpg\" alt=\"\" width=\"300\" height=\"225\" srcset=\"https:\/\/www.arundegschicht.at\/axams\/wp-content\/uploads\/2022\/07\/IMG_20220709_1135173580-300x225.jpg 300w, https:\/\/www.arundegschicht.at\/axams\/wp-content\/uploads\/2022\/07\/IMG_20220709_1135173580-1024x768.jpg 1024w, https:\/\/www.arundegschicht.at\/axams\/wp-content\/uploads\/2022\/07\/IMG_20220709_1135173580-768x576.jpg 768w, https:\/\/www.arundegschicht.at\/axams\/wp-content\/uploads\/2022\/07\/IMG_20220709_1135173580-1536x1152.jpg 1536w, https:\/\/www.arundegschicht.at\/axams\/wp-content\/uploads\/2022\/07\/IMG_20220709_1135173580-2048x1536.jpg 2048w\" sizes=\"(max-width: 300px) 100vw, 300px\" \/><\/a><img loading=\"lazy\" decoding=\"async\" class=\"size-medium wp-image-2257 alignnone\" src=\"https:\/\/www.arundegschicht.at\/axams\/wp-content\/uploads\/2022\/07\/IMG_20220709_1134423582-300x225.jpg\" alt=\"\" width=\"300\" height=\"225\" srcset=\"https:\/\/www.arundegschicht.at\/axams\/wp-content\/uploads\/2022\/07\/IMG_20220709_1134423582-300x225.jpg 300w, https:\/\/www.arundegschicht.at\/axams\/wp-content\/uploads\/2022\/07\/IMG_20220709_1134423582-1024x768.jpg 1024w, https:\/\/www.arundegschicht.at\/axams\/wp-content\/uploads\/2022\/07\/IMG_20220709_1134423582-768x576.jpg 768w, https:\/\/www.arundegschicht.at\/axams\/wp-content\/uploads\/2022\/07\/IMG_20220709_1134423582-1536x1152.jpg 1536w, https:\/\/www.arundegschicht.at\/axams\/wp-content\/uploads\/2022\/07\/IMG_20220709_1134423582-2048x1536.jpg 2048w\" sizes=\"(max-width: 300px) 100vw, 300px\" \/><\/p>\n<p><span style=\"font-size: 1rem;\">Rufen Sie uns an, kontaktieren Sie uns pers\u00f6nlich. Wir haben ein offenes Ohr f\u00fcr Ihr Anliegen!<\/span><\/p>\n<p style=\"text-align: left;\"><em>Praxisgemeinschaft f\u00fcr Psychotherapie Axams<\/em><br \/>\nInnsbrucker Stra\u00dfe 30, Ecke Angerweg<br \/>\n6094 Axams<\/p>\n<p style=\"text-align: left;\"><span style=\"color: #ffffff;\">Psychotherapie Zillertal,\u00a0Psychotherapie W\u00f6rgl,\u00a0Psychotherapie Achensee,\u00a0Psychotherapie Tiroler Unterland<\/span><\/p>\n","protected":false},"excerpt":{"rendered":"<p>Sie finden die Praxisgemeinschaft f\u00fcr Psychotherapie Axams im Angerweg 1, der direkt an die Innsbruckerstra\u00dfe, der Hauptverkehrsader von Axams, kreuzt. Direkt vor der Praxis befindet sich die Bushaltestelle der Linie_4162 <a class=\"more-link\" href=\"https:\/\/www.arundegschicht.at\/axams\/kontakt\/\">Weiterlesen \u2192<\/a><\/p>\n","protected":false},"author":3,"featured_media":0,"parent":0,"menu_order":10,"comment_status":"closed","ping_status":"closed","template":"","meta":{"footnotes":""},"_links":{"self":[{"href":"https:\/\/www.arundegschicht.at\/axams\/wp-json\/wp\/v2\/pages\/139"}],"collection":[{"href":"https:\/\/www.arundegschicht.at\/axams\/wp-json\/wp\/v2\/pages"}],"about":[{"href":"https:\/\/www.arundegschicht.at\/axams\/wp-json\/wp\/v2\/types\/page"}],"author":[{"embeddable":true,"href":"https:\/\/www.arundegschicht.at\/axams\/wp-json\/wp\/v2\/users\/3"}],"replies":[{"embeddable":true,"href":"https:\/\/www.arundegschicht.at\/axams\/wp-json\/wp\/v2\/comments?post=139"}],"version-history":[{"count":15,"href":"https:\/\/www.arundegschicht.at\/axams\/wp-json\/wp\/v2\/pages\/139\/revisions"}],"predecessor-version":[{"id":2288,"href":"https:\/\/www.arundegschicht.at\/axams\/wp-json\/wp\/v2\/pages\/139\/revisions\/2288"}],"wp:attachment":[{"href":"https:\/\/www.arundegschicht.at\/axams\/wp-json\/wp\/v2\/media?parent=139"}],"curies":[{"name":"wp","href":"https:\/\/api.w.org\/{rel}","templated":true}]}}