{"id":17,"date":"2013-05-17T15:54:31","date_gmt":"2013-05-17T13:54:31","guid":{"rendered":"http:\/\/www.arundegschicht.at\/psychotherapie\/?page_id=17"},"modified":"2022-04-24T19:33:43","modified_gmt":"2022-04-24T18:33:43","slug":"angebote-2","status":"publish","type":"page","link":"https:\/\/www.arundegschicht.at\/axams\/angebote-2\/","title":{"rendered":"Angebote"},"content":{"rendered":"<p>Wir, die Praxisgemeinschaft f\u00fcr Psychotherapie &#8222;A runde Gschicht&#8220;\u00a0 in Axams, sind eine Gemeinschaft an SpezialistInnen, die sich der <strong>ganzheitlichen Behandlung<\/strong> verschrieben hat. Gesundheit bedeutet sich k\u00f6rperlich und psychisch wohl zu f\u00fchlen. Psyche und Physis bilden daher die Grunds\u00e4ulen unserer Gesundheit. Wer ein Problem dauerhaft l\u00f6sen will, sollte die Ursachen erkennen und bearbeiten, nicht nur die Symptome. Unser ganzheitlicher Ansatz beruht auf der richtigen Kombination aus den einander erg\u00e4nzenden Wissensgebieten.<\/p>\n<p>In unserer Praxis finden Sie eine Auswahl an kompetenten SpezialistInnen aus verschiedenen Bereichen, welche zusammen ein umfassendes Therapienetz f\u00fcr <strong>Erwachsene, Jugendliche und Kinder<\/strong> anbieten:<\/p>\n<ul>\n<li><strong>Psychotherapie<\/strong><\/li>\n<li><strong>Supervision und Coaching<\/strong><\/li>\n<\/ul>\n<ul>\n<li><strong>Klinische- und Gesundheitspsychologie<\/strong><\/li>\n<li><strong>Diagnostik<\/strong><\/li>\n<\/ul>\n<ul>\n<li><strong>Beratung<\/strong><\/li>\n<li><strong>Erziehungsberatung<\/strong><\/li>\n<li><strong>Stillberatung nach Eisl<\/strong><\/li>\n<li><strong>Elternberatung vor einvernehmlicher Scheidung gem\u00e4\u00df \u00a7 95 Absatz 1a<\/strong><\/li>\n<\/ul>\n<ul>\n<li><strong>Physiotherapie<\/strong><\/li>\n<\/ul>\n<ul>\n<li><strong>Lerntraining mit der Kybernetischen Methode<\/strong><\/li>\n<\/ul>\n<ul>\n<li><strong>Kreativit\u00e4tstraining<\/strong><\/li>\n<\/ul>\n<p>&nbsp;<\/p>\n<p><a href=\"https:\/\/www.arundegschicht.at\/axams\/wp-content\/uploads\/2022\/02\/crayons-g279ef84fb_1920.jpg\"><img loading=\"lazy\" decoding=\"async\" class=\" wp-image-1823 aligncenter\" src=\"https:\/\/www.arundegschicht.at\/axams\/wp-content\/uploads\/2022\/02\/crayons-g279ef84fb_1920-300x198.jpg\" alt=\"\" width=\"528\" height=\"349\" srcset=\"https:\/\/www.arundegschicht.at\/axams\/wp-content\/uploads\/2022\/02\/crayons-g279ef84fb_1920-300x198.jpg 300w, https:\/\/www.arundegschicht.at\/axams\/wp-content\/uploads\/2022\/02\/crayons-g279ef84fb_1920-1024x677.jpg 1024w, https:\/\/www.arundegschicht.at\/axams\/wp-content\/uploads\/2022\/02\/crayons-g279ef84fb_1920-768x508.jpg 768w, https:\/\/www.arundegschicht.at\/axams\/wp-content\/uploads\/2022\/02\/crayons-g279ef84fb_1920-1536x1016.jpg 1536w, https:\/\/www.arundegschicht.at\/axams\/wp-content\/uploads\/2022\/02\/crayons-g279ef84fb_1920.jpg 1920w\" sizes=\"(max-width: 528px) 100vw, 528px\" \/><\/a><\/p>\n<p><strong>&#x2764; <\/strong>Eine unserer gr\u00f6\u00dften St\u00e4rken liegt in der Arbeit mit <strong>Kindern und Jugendlichen sowie der damit einhergehenden Elternarbeit. <\/strong>Wir bieten hierf\u00fcr unkomplizierte M\u00f6glichkeiten f\u00fcr umfassende <strong>(Entwicklungs-)Diagnostik<\/strong> und <strong>Therapien<\/strong> in verschiedensten Problemlagen.<\/p>\n<p>&#x2764; Neben Kindern und Jugendlichen arbeiten wir aber auch mit <strong>Erwachsenen<\/strong> und bieten umfassende Therapie- wie auch Beratungsangebote an. Sowohl in <strong>Erziehungsfragen<\/strong> als auch in der <strong>Stillberatung<\/strong> finden Sie in uns eine hervorragende Begleitung.<\/p>\n<p>&#x2764; Kreatives Arbeiten und <strong>Kreativit\u00e4tstrainings <\/strong>finden in unserer Arbeit mit allen Altersgruppen Platz.<\/p>\n<p><strong>&#x2764; Coaching f\u00fcr Unternehmen<\/strong> sowie <strong>Vortr\u00e4ge<\/strong> z\u00e4hlen ebenfalls zu unseren Repertoire.<\/p>\n<p>Wie Sie hier feststellen k\u00f6nnen: Wir gehen sehr ganzheitlich Ihre Probleme an \u2013 <strong><em>a runde G\u2019schicht<\/em>\u00a0\u2013 eben<\/strong>.<\/p>\n<p>Kontaktieren und besuchen Sie unsere Praxisgemeinschaft f\u00fcr Psychotherapie in der Angergasse 1 in Axams. Mit unserem Standort liegen wir zentral im Tiroler Mittelgebirge.<\/p>\n<p><strong><em>Wir haben ein offenes Ohr f\u00fcr Sie!<\/em><\/strong><\/p>\n<p><a href=\"https:\/\/www.arundegschicht.at\/axams\/wp-content\/uploads\/2022\/02\/stones-ga07481558_1920.jpg\"><img loading=\"lazy\" decoding=\"async\" class=\"wp-image-1827 aligncenter\" src=\"https:\/\/www.arundegschicht.at\/axams\/wp-content\/uploads\/2022\/02\/stones-ga07481558_1920-300x200.jpg\" alt=\"\" width=\"584\" height=\"389\" srcset=\"https:\/\/www.arundegschicht.at\/axams\/wp-content\/uploads\/2022\/02\/stones-ga07481558_1920-300x200.jpg 300w, https:\/\/www.arundegschicht.at\/axams\/wp-content\/uploads\/2022\/02\/stones-ga07481558_1920-1024x683.jpg 1024w, https:\/\/www.arundegschicht.at\/axams\/wp-content\/uploads\/2022\/02\/stones-ga07481558_1920-768x512.jpg 768w, https:\/\/www.arundegschicht.at\/axams\/wp-content\/uploads\/2022\/02\/stones-ga07481558_1920-1536x1024.jpg 1536w, https:\/\/www.arundegschicht.at\/axams\/wp-content\/uploads\/2022\/02\/stones-ga07481558_1920-390x261.jpg 390w, https:\/\/www.arundegschicht.at\/axams\/wp-content\/uploads\/2022\/02\/stones-ga07481558_1920.jpg 1920w\" sizes=\"(max-width: 584px) 100vw, 584px\" \/><\/a><\/p>\n<p>K\u00f6rper und Psyche m\u00fcssen an einem Strang ziehen. Wir achten auf beides. Wir sind die Br\u00fccke, die beides verbindet. Ganzheitlich gehen wir Krisen und Problemlagen an.\u00a0<em>A runde G&#8217;schicht<\/em> eben.<\/p>\n<p>Kontaktieren Sie bei Fragen vertrauensvoll eine Therapeutin oder einen Therapeuten unserer\u00a0<em>Praxisgemeinschaft f\u00fcr Psychotherapie Axams<\/em>.<\/p>\n","protected":false},"excerpt":{"rendered":"<p>Wir, die Praxisgemeinschaft f\u00fcr Psychotherapie &#8222;A runde Gschicht&#8220;\u00a0 in Axams, sind eine Gemeinschaft an SpezialistInnen, die sich der ganzheitlichen Behandlung verschrieben hat. Gesundheit bedeutet sich k\u00f6rperlich und psychisch wohl zu <a class=\"more-link\" href=\"https:\/\/www.arundegschicht.at\/axams\/angebote-2\/\">Weiterlesen \u2192<\/a><\/p>\n","protected":false},"author":3,"featured_media":0,"parent":0,"menu_order":3,"comment_status":"closed","ping_status":"closed","template":"","meta":{"footnotes":""},"_links":{"self":[{"href":"https:\/\/www.arundegschicht.at\/axams\/wp-json\/wp\/v2\/pages\/17"}],"collection":[{"href":"https:\/\/www.arundegschicht.at\/axams\/wp-json\/wp\/v2\/pages"}],"about":[{"href":"https:\/\/www.arundegschicht.at\/axams\/wp-json\/wp\/v2\/types\/page"}],"author":[{"embeddable":true,"href":"https:\/\/www.arundegschicht.at\/axams\/wp-json\/wp\/v2\/users\/3"}],"replies":[{"embeddable":true,"href":"https:\/\/www.arundegschicht.at\/axams\/wp-json\/wp\/v2\/comments?post=17"}],"version-history":[{"count":18,"href":"https:\/\/www.arundegschicht.at\/axams\/wp-json\/wp\/v2\/pages\/17\/revisions"}],"predecessor-version":[{"id":2171,"href":"https:\/\/www.arundegschicht.at\/axams\/wp-json\/wp\/v2\/pages\/17\/revisions\/2171"}],"wp:attachment":[{"href":"https:\/\/www.arundegschicht.at\/axams\/wp-json\/wp\/v2\/media?parent=17"}],"curies":[{"name":"wp","href":"https:\/\/api.w.org\/{rel}","templated":true}]}}