{"id":1740,"date":"2022-01-24T16:17:45","date_gmt":"2022-01-24T14:17:45","guid":{"rendered":"https:\/\/www.arundegschicht.at\/?page_id=1740"},"modified":"2023-01-20T16:33:49","modified_gmt":"2023-01-20T15:33:49","slug":"diagnostik","status":"publish","type":"page","link":"https:\/\/www.arundegschicht.at\/axams\/angebote-2\/diagnostik\/","title":{"rendered":"Diagnostik f\u00fcr Kinder &#038; Jugendliche"},"content":{"rendered":"<div class=\"titlezone\">\n<div class=\"titletext\">\n<div class=\"lead\">\n<p>Die klinisch Psychologische Diagnostik befasst sich mit Ursachen und Auswirkungen von psychischen Belastungen und St\u00f6rungen. Es werden mittels Gespr\u00e4chen, Testverfahren und Verhaltensbeobachtungen Informationen gesammelt, um die passende Behandlungsm\u00f6glichkeit zu finden.<\/p>\n<p>Durch standardisierte Verfahren k\u00f6nnen Problembereiche sichtbar werden und durch eine gezielte Analyse k\u00f6nnen anschlie\u00dfend in einer Therapie\/Beratung die Ressourcen schneller und gezielter aktiviert werden.<\/p>\n<\/div>\n<\/div>\n<\/div>\n<div class=\"detail\">\n<div class=\"text\">\n<p><a href=\"https:\/\/www.arundegschicht.at\/axams\/wp-content\/uploads\/2022\/02\/AdobeStock_213744070-scaled.jpg\"><img loading=\"lazy\" decoding=\"async\" class=\"size-medium wp-image-1808 alignleft\" src=\"https:\/\/www.arundegschicht.at\/axams\/wp-content\/uploads\/2022\/02\/AdobeStock_213744070-300x200.jpg\" alt=\"\" width=\"300\" height=\"200\" srcset=\"https:\/\/www.arundegschicht.at\/axams\/wp-content\/uploads\/2022\/02\/AdobeStock_213744070-300x200.jpg 300w, https:\/\/www.arundegschicht.at\/axams\/wp-content\/uploads\/2022\/02\/AdobeStock_213744070-1024x683.jpg 1024w, https:\/\/www.arundegschicht.at\/axams\/wp-content\/uploads\/2022\/02\/AdobeStock_213744070-768x512.jpg 768w, https:\/\/www.arundegschicht.at\/axams\/wp-content\/uploads\/2022\/02\/AdobeStock_213744070-1536x1024.jpg 1536w, https:\/\/www.arundegschicht.at\/axams\/wp-content\/uploads\/2022\/02\/AdobeStock_213744070-2048x1365.jpg 2048w, https:\/\/www.arundegschicht.at\/axams\/wp-content\/uploads\/2022\/02\/AdobeStock_213744070-690x462.jpg 690w, https:\/\/www.arundegschicht.at\/axams\/wp-content\/uploads\/2022\/02\/AdobeStock_213744070-390x261.jpg 390w\" sizes=\"(max-width: 300px) 100vw, 300px\" \/><\/a>Klinische Psychologinnen und Psychologen besch\u00e4ftigen sich mit Problemen und St\u00f6rungen des menschlichen Erlebens und Verhaltens. Die Diagnostik ist der erste Schritt zur passenden Behandlung. Auf Grundlage der Diagnostik wird besprochen, wie eine weitere psychologische, psychotherapeutische bzw. \u00e4rztliche Behandlung aussehen kann.<\/p>\n<p>Weiters kann mit Hilfe der Diagnostik auch der <strong>Be<\/strong><strong>handlungserfolg \u00fcberpr\u00fcft <\/strong>werden.<\/p>\n<p>&nbsp;<\/p>\n<p><strong>Themen:<\/strong><\/p>\n<ul>\n<li>Intelligenzdiagnostik, Feststellung einer Hochbegabung<\/li>\n<li>Leistungsdiagnostik<\/li>\n<li>Entwicklungsdiagnostik<\/li>\n<li>Konzentrations- und Aufmerksamkeitsprobleme<\/li>\n<li>Verdacht auf Teilleistungsschw\u00e4che<\/li>\n<li>Schulschwierigkeiten, Lese-Rechtschreib-Schw\u00e4che<\/li>\n<li>Lernprobleme, Lernbehinderung<\/li>\n<li>Verhaltensprobleme (Hyperaktivit\u00e4t, Aggression)<\/li>\n<li>Angst, psychosomatische Beschwerden<\/li>\n<li>Schwierigkeiten im Sozialverhalten<\/li>\n<li>Autismus &#8211; Abkl\u00e4rung<\/li>\n<\/ul>\n<h4><strong>Finanzierung<\/strong><\/h4>\n<p><span style=\"font-size: 1rem;\">Die Kosten f\u00fcr die klinisch-psychologische Diagnostik werden bei Vorlage eines g\u00fcltigen \u00dcberweisungsscheines eines Hausarztes oder Facharztes von der zust\u00e4ndigen Krankenkasse zu 80 Prozent refundiert.\u00a0<\/span><\/p>\n<\/div>\n<h4><strong>Kontakt<\/strong><\/h4>\n<ul>\n<li><a style=\"outline: 0px;\" href=\"https:\/\/www.arundegschicht.at\/axams\/team\/cornelia-handle\/\">Mag.a Cornelia Handle<\/a><\/li>\n<\/ul>\n<\/div>\n","protected":false},"excerpt":{"rendered":"<p>Die klinisch Psychologische Diagnostik befasst sich mit Ursachen und Auswirkungen von psychischen Belastungen und St\u00f6rungen. Es werden mittels Gespr\u00e4chen, Testverfahren und Verhaltensbeobachtungen Informationen gesammelt, um die passende Behandlungsm\u00f6glichkeit zu finden. <a class=\"more-link\" href=\"https:\/\/www.arundegschicht.at\/axams\/angebote-2\/diagnostik\/\">Weiterlesen \u2192<\/a><\/p>\n","protected":false},"author":3,"featured_media":0,"parent":17,"menu_order":3,"comment_status":"closed","ping_status":"closed","template":"","meta":{"footnotes":""},"_links":{"self":[{"href":"https:\/\/www.arundegschicht.at\/axams\/wp-json\/wp\/v2\/pages\/1740"}],"collection":[{"href":"https:\/\/www.arundegschicht.at\/axams\/wp-json\/wp\/v2\/pages"}],"about":[{"href":"https:\/\/www.arundegschicht.at\/axams\/wp-json\/wp\/v2\/types\/page"}],"author":[{"embeddable":true,"href":"https:\/\/www.arundegschicht.at\/axams\/wp-json\/wp\/v2\/users\/3"}],"replies":[{"embeddable":true,"href":"https:\/\/www.arundegschicht.at\/axams\/wp-json\/wp\/v2\/comments?post=1740"}],"version-history":[{"count":11,"href":"https:\/\/www.arundegschicht.at\/axams\/wp-json\/wp\/v2\/pages\/1740\/revisions"}],"predecessor-version":[{"id":2302,"href":"https:\/\/www.arundegschicht.at\/axams\/wp-json\/wp\/v2\/pages\/1740\/revisions\/2302"}],"up":[{"embeddable":true,"href":"https:\/\/www.arundegschicht.at\/axams\/wp-json\/wp\/v2\/pages\/17"}],"wp:attachment":[{"href":"https:\/\/www.arundegschicht.at\/axams\/wp-json\/wp\/v2\/media?parent=1740"}],"curies":[{"name":"wp","href":"https:\/\/api.w.org\/{rel}","templated":true}]}}