{"id":1754,"date":"2022-02-03T21:47:20","date_gmt":"2022-02-03T19:47:20","guid":{"rendered":"https:\/\/www.arundegschicht.at\/?page_id=1589"},"modified":"2022-12-28T14:10:14","modified_gmt":"2022-12-28T13:10:14","slug":"landing-page","status":"publish","type":"page","link":"https:\/\/www.arundegschicht.at\/axams\/landing-page\/","title":{"rendered":"Willkommen"},"content":{"rendered":"<h2 style=\"text-align: center;\">&#8230;in der Praxisgemeinschaft &#8222;A runde Gschicht&#8220;<\/h2>\n<p>&nbsp;<\/p>\n<p>Sie sind auf der Suche nach innovativen und erfahrenen SpezialistInnen in den Bereichen Psychotherapie, Kinder- und Jugendlichenpsychotherapie, Beratung bzw. Klinischer- und Gesundheitspsychologie? Dann sind Sie hier genau richtig! Bisher haben wir unsere Klient*innen im Unterland, in Schwaz, betreut. Ab jetzt sind wir auch im Mittelgebirge f\u00fcr Sie da \u2013 unsere Standorterweiterung in Axams bietet eine umfangreiche Versorgung, die es hier so noch nicht gegeben hat. Kurzum: <strong><em>A runde G\u2019schicht eben!<\/em><\/strong><\/p>\n<p>Die Idee dahinter? Wir m\u00f6chten Ihnen kurze Wege, eine freundliche Atmosph\u00e4re, sowie ein m\u00f6glichst breites Spektrum an Behandlungsmethoden bieten. Denn Gesundheit bedeutet nicht nur, k\u00f6rperlich fit zu sein, sondern auch, sich geistig wohlzuf\u00fchlen. Wir haben ein offenes Ohr f\u00fcr Sie.<\/p>\n<p><a href=\"https:\/\/www.arundegschicht.at\/axams\/wp-content\/uploads\/2022\/02\/AdobeStock_257272743-kl.jpg\"><img loading=\"lazy\" decoding=\"async\" class=\"wp-image-1918 size-medium alignleft\" src=\"https:\/\/www.arundegschicht.at\/axams\/wp-content\/uploads\/2022\/02\/AdobeStock_257272743-kl-300x200.jpg\" alt=\"\" width=\"300\" height=\"200\" srcset=\"https:\/\/www.arundegschicht.at\/axams\/wp-content\/uploads\/2022\/02\/AdobeStock_257272743-kl-300x200.jpg 300w, https:\/\/www.arundegschicht.at\/axams\/wp-content\/uploads\/2022\/02\/AdobeStock_257272743-kl-1024x682.jpg 1024w, https:\/\/www.arundegschicht.at\/axams\/wp-content\/uploads\/2022\/02\/AdobeStock_257272743-kl-768x511.jpg 768w, https:\/\/www.arundegschicht.at\/axams\/wp-content\/uploads\/2022\/02\/AdobeStock_257272743-kl-1536x1023.jpg 1536w, https:\/\/www.arundegschicht.at\/axams\/wp-content\/uploads\/2022\/02\/AdobeStock_257272743-kl-690x462.jpg 690w, https:\/\/www.arundegschicht.at\/axams\/wp-content\/uploads\/2022\/02\/AdobeStock_257272743-kl-390x261.jpg 390w, https:\/\/www.arundegschicht.at\/axams\/wp-content\/uploads\/2022\/02\/AdobeStock_257272743-kl.jpg 1994w\" sizes=\"(max-width: 300px) 100vw, 300px\" \/><\/a><\/p>\n<p>&#x2764; Unser etabliertes Konzept deckt vielf\u00e4ltige Behandlungsbereiche in der klinisch- und gesundheitspsychologischen Beratung, Psychotherapie und Diagnostik ab.<\/p>\n<p>&#x2764; Wir bieten Hilfestellungen, Beratung sowie Therapie zu verschiedenen Problemlagen an: Burnout, Depression, Angstst\u00f6rungen, Entwicklungsverz\u00f6gerungen, Essst\u00f6rungen, somatoforme St\u00f6rungen sowie Traumatisierungen, u.a. und bieten existenzanalytische, systemische sowie tiefenpsychologisch fundierte Behandlungsmethoden an.<\/p>\n<p>&#x2764; Auch die Diagnostik f\u00fcr Kinder und Jugendliche nimmt in Axams einen wichtigen Stellenwert ein: wir sind auf Entwicklungsdiagnostik, neuropsychologische Diagnostik, sowie die Diagnostik autistischer St\u00f6rungen spezialisiert. Gemeinsam analysieren wir individuelle Problembereiche &amp; Ressourcen, finden die geeignete Therapie und bem\u00fchen uns um F\u00f6rderm\u00f6glichkeiten.<\/p>\n<p>&#x2764; Wir arbeiten sowohl mit Kindern und Jugendlichen als auch mit Erwachsenen zusammen. Einer unserer Schwerpunkte ist die Arbeit mit Kindern und Jugendlichen, sowie die Eltern- und Stillberatung.<\/p>\n<p>&#x2764; Wichtig zu wissen: Je nach Kasse und Behandlung werden die Kosten auch teilweise oder g\u00e4nzlich refundiert.<\/p>\n<p><a href=\"https:\/\/www.arundegschicht.at\/axams\/wp-content\/uploads\/2022\/02\/cropped-stones-ga07481558_1920.jpg\"><img loading=\"lazy\" decoding=\"async\" class=\"wp-image-1903 aligncenter\" src=\"https:\/\/www.arundegschicht.at\/axams\/wp-content\/uploads\/2022\/02\/cropped-stones-ga07481558_1920-300x118.jpg\" alt=\"\" width=\"679\" height=\"267\" srcset=\"https:\/\/www.arundegschicht.at\/axams\/wp-content\/uploads\/2022\/02\/cropped-stones-ga07481558_1920-300x118.jpg 300w, https:\/\/www.arundegschicht.at\/axams\/wp-content\/uploads\/2022\/02\/cropped-stones-ga07481558_1920-1024x403.jpg 1024w, https:\/\/www.arundegschicht.at\/axams\/wp-content\/uploads\/2022\/02\/cropped-stones-ga07481558_1920-768x303.jpg 768w, https:\/\/www.arundegschicht.at\/axams\/wp-content\/uploads\/2022\/02\/cropped-stones-ga07481558_1920-1140x450.jpg 1140w, https:\/\/www.arundegschicht.at\/axams\/wp-content\/uploads\/2022\/02\/cropped-stones-ga07481558_1920.jpg 1500w\" sizes=\"(max-width: 679px) 100vw, 679px\" \/><\/a><\/p>\n<p>&nbsp;<\/p>\n<p>Wir sind davon \u00fcberzeugt: Der Weg ist das Ziel \u2013 und wir begleiten Sie gerne als Orientierungshilfe auf Ihrem pers\u00f6nlichen Weg, um Stolpersteine aus dem Weg zu r\u00e4umen. Termine und Auskunft bekommen Sie gerne telefonisch \u00fcber unsere<\/p>\n<p><strong>Infoline<\/strong>\u00a0 &#8211; Tel.: <a href=\"tel:+436609551600\">0043 (0) 69910922759<\/a><\/p>\n<p>bzw. direkt \u00fcber die <a href=\"https:\/\/www.arundegschicht.at\/axams\/team\/\">behandelnden Kolleg*innen<\/a> Ihrer Wahl auf unserer Homepage.<\/p>\n<p>&nbsp;<\/p>\n<p><strong>DIE PRAXIS<\/strong><\/p>\n<p><a href=\"https:\/\/www.arundegschicht.at\/axams\/wp-content\/uploads\/2022\/04\/Praxis_Axams-15.jpg\"><img loading=\"lazy\" decoding=\"async\" class=\"size-medium wp-image-2147 alignleft\" src=\"https:\/\/www.arundegschicht.at\/axams\/wp-content\/uploads\/2022\/04\/Praxis_Axams-15-300x200.jpg\" alt=\"\" width=\"300\" height=\"200\" srcset=\"https:\/\/www.arundegschicht.at\/axams\/wp-content\/uploads\/2022\/04\/Praxis_Axams-15-300x200.jpg 300w, https:\/\/www.arundegschicht.at\/axams\/wp-content\/uploads\/2022\/04\/Praxis_Axams-15-1024x683.jpg 1024w, https:\/\/www.arundegschicht.at\/axams\/wp-content\/uploads\/2022\/04\/Praxis_Axams-15-768x512.jpg 768w, https:\/\/www.arundegschicht.at\/axams\/wp-content\/uploads\/2022\/04\/Praxis_Axams-15-1536x1024.jpg 1536w, https:\/\/www.arundegschicht.at\/axams\/wp-content\/uploads\/2022\/04\/Praxis_Axams-15-690x462.jpg 690w, https:\/\/www.arundegschicht.at\/axams\/wp-content\/uploads\/2022\/04\/Praxis_Axams-15-390x261.jpg 390w, https:\/\/www.arundegschicht.at\/axams\/wp-content\/uploads\/2022\/04\/Praxis_Axams-15.jpg 1773w\" sizes=\"(max-width: 300px) 100vw, 300px\" \/><\/a> <a href=\"https:\/\/www.arundegschicht.at\/axams\/wp-content\/uploads\/2022\/04\/Praxis_Axams-13.jpg\"><img loading=\"lazy\" decoding=\"async\" class=\"size-medium wp-image-2145 alignleft\" src=\"https:\/\/www.arundegschicht.at\/axams\/wp-content\/uploads\/2022\/04\/Praxis_Axams-13-300x200.jpg\" alt=\"\" width=\"300\" height=\"200\" srcset=\"https:\/\/www.arundegschicht.at\/axams\/wp-content\/uploads\/2022\/04\/Praxis_Axams-13-300x200.jpg 300w, https:\/\/www.arundegschicht.at\/axams\/wp-content\/uploads\/2022\/04\/Praxis_Axams-13-1024x683.jpg 1024w, https:\/\/www.arundegschicht.at\/axams\/wp-content\/uploads\/2022\/04\/Praxis_Axams-13-768x512.jpg 768w, https:\/\/www.arundegschicht.at\/axams\/wp-content\/uploads\/2022\/04\/Praxis_Axams-13-1536x1024.jpg 1536w, https:\/\/www.arundegschicht.at\/axams\/wp-content\/uploads\/2022\/04\/Praxis_Axams-13-690x462.jpg 690w, https:\/\/www.arundegschicht.at\/axams\/wp-content\/uploads\/2022\/04\/Praxis_Axams-13-390x261.jpg 390w, https:\/\/www.arundegschicht.at\/axams\/wp-content\/uploads\/2022\/04\/Praxis_Axams-13.jpg 1773w\" sizes=\"(max-width: 300px) 100vw, 300px\" \/><\/a> <a href=\"https:\/\/www.arundegschicht.at\/axams\/wp-content\/uploads\/2022\/04\/Praxis_Axams-10.jpg\"><img loading=\"lazy\" decoding=\"async\" class=\"size-medium wp-image-2142 alignleft\" src=\"https:\/\/www.arundegschicht.at\/axams\/wp-content\/uploads\/2022\/04\/Praxis_Axams-10-300x200.jpg\" alt=\"\" width=\"300\" height=\"200\" srcset=\"https:\/\/www.arundegschicht.at\/axams\/wp-content\/uploads\/2022\/04\/Praxis_Axams-10-300x200.jpg 300w, https:\/\/www.arundegschicht.at\/axams\/wp-content\/uploads\/2022\/04\/Praxis_Axams-10-1024x683.jpg 1024w, https:\/\/www.arundegschicht.at\/axams\/wp-content\/uploads\/2022\/04\/Praxis_Axams-10-768x512.jpg 768w, https:\/\/www.arundegschicht.at\/axams\/wp-content\/uploads\/2022\/04\/Praxis_Axams-10-1536x1024.jpg 1536w, https:\/\/www.arundegschicht.at\/axams\/wp-content\/uploads\/2022\/04\/Praxis_Axams-10-690x462.jpg 690w, https:\/\/www.arundegschicht.at\/axams\/wp-content\/uploads\/2022\/04\/Praxis_Axams-10-390x261.jpg 390w, https:\/\/www.arundegschicht.at\/axams\/wp-content\/uploads\/2022\/04\/Praxis_Axams-10.jpg 1773w\" sizes=\"(max-width: 300px) 100vw, 300px\" \/><\/a> <a href=\"https:\/\/www.arundegschicht.at\/axams\/wp-content\/uploads\/2022\/04\/Praxis_Axams-12.jpg\"><img loading=\"lazy\" decoding=\"async\" class=\"size-medium wp-image-2144 alignleft\" src=\"https:\/\/www.arundegschicht.at\/axams\/wp-content\/uploads\/2022\/04\/Praxis_Axams-12-300x200.jpg\" alt=\"\" width=\"300\" height=\"200\" srcset=\"https:\/\/www.arundegschicht.at\/axams\/wp-content\/uploads\/2022\/04\/Praxis_Axams-12-300x200.jpg 300w, https:\/\/www.arundegschicht.at\/axams\/wp-content\/uploads\/2022\/04\/Praxis_Axams-12-1024x683.jpg 1024w, https:\/\/www.arundegschicht.at\/axams\/wp-content\/uploads\/2022\/04\/Praxis_Axams-12-768x512.jpg 768w, https:\/\/www.arundegschicht.at\/axams\/wp-content\/uploads\/2022\/04\/Praxis_Axams-12-1536x1024.jpg 1536w, https:\/\/www.arundegschicht.at\/axams\/wp-content\/uploads\/2022\/04\/Praxis_Axams-12-690x462.jpg 690w, https:\/\/www.arundegschicht.at\/axams\/wp-content\/uploads\/2022\/04\/Praxis_Axams-12-390x261.jpg 390w, https:\/\/www.arundegschicht.at\/axams\/wp-content\/uploads\/2022\/04\/Praxis_Axams-12.jpg 1773w\" sizes=\"(max-width: 300px) 100vw, 300px\" \/><\/a> <a href=\"https:\/\/www.arundegschicht.at\/axams\/wp-content\/uploads\/2022\/04\/Praxis_Axams-9.jpg\"><img loading=\"lazy\" decoding=\"async\" class=\"size-medium wp-image-2141 alignleft\" src=\"https:\/\/www.arundegschicht.at\/axams\/wp-content\/uploads\/2022\/04\/Praxis_Axams-9-300x200.jpg\" alt=\"\" width=\"300\" height=\"200\" srcset=\"https:\/\/www.arundegschicht.at\/axams\/wp-content\/uploads\/2022\/04\/Praxis_Axams-9-300x200.jpg 300w, https:\/\/www.arundegschicht.at\/axams\/wp-content\/uploads\/2022\/04\/Praxis_Axams-9-1024x683.jpg 1024w, https:\/\/www.arundegschicht.at\/axams\/wp-content\/uploads\/2022\/04\/Praxis_Axams-9-768x512.jpg 768w, https:\/\/www.arundegschicht.at\/axams\/wp-content\/uploads\/2022\/04\/Praxis_Axams-9-1536x1024.jpg 1536w, https:\/\/www.arundegschicht.at\/axams\/wp-content\/uploads\/2022\/04\/Praxis_Axams-9-690x462.jpg 690w, https:\/\/www.arundegschicht.at\/axams\/wp-content\/uploads\/2022\/04\/Praxis_Axams-9-390x261.jpg 390w, https:\/\/www.arundegschicht.at\/axams\/wp-content\/uploads\/2022\/04\/Praxis_Axams-9.jpg 1773w\" sizes=\"(max-width: 300px) 100vw, 300px\" \/><\/a> <a href=\"https:\/\/www.arundegschicht.at\/axams\/wp-content\/uploads\/2022\/04\/Praxis_Axams-7.jpg\"><img loading=\"lazy\" decoding=\"async\" class=\"size-medium wp-image-2139 alignleft\" src=\"https:\/\/www.arundegschicht.at\/axams\/wp-content\/uploads\/2022\/04\/Praxis_Axams-7-300x200.jpg\" alt=\"\" width=\"300\" height=\"200\" srcset=\"https:\/\/www.arundegschicht.at\/axams\/wp-content\/uploads\/2022\/04\/Praxis_Axams-7-300x200.jpg 300w, https:\/\/www.arundegschicht.at\/axams\/wp-content\/uploads\/2022\/04\/Praxis_Axams-7-1024x683.jpg 1024w, https:\/\/www.arundegschicht.at\/axams\/wp-content\/uploads\/2022\/04\/Praxis_Axams-7-768x512.jpg 768w, https:\/\/www.arundegschicht.at\/axams\/wp-content\/uploads\/2022\/04\/Praxis_Axams-7-1536x1024.jpg 1536w, https:\/\/www.arundegschicht.at\/axams\/wp-content\/uploads\/2022\/04\/Praxis_Axams-7-690x462.jpg 690w, https:\/\/www.arundegschicht.at\/axams\/wp-content\/uploads\/2022\/04\/Praxis_Axams-7-390x261.jpg 390w, https:\/\/www.arundegschicht.at\/axams\/wp-content\/uploads\/2022\/04\/Praxis_Axams-7.jpg 1773w\" sizes=\"(max-width: 300px) 100vw, 300px\" \/><\/a> <a href=\"https:\/\/www.arundegschicht.at\/axams\/wp-content\/uploads\/2022\/04\/Praxis_Axams-6.jpg\"><img loading=\"lazy\" decoding=\"async\" class=\"size-medium wp-image-2138 alignleft\" src=\"https:\/\/www.arundegschicht.at\/axams\/wp-content\/uploads\/2022\/04\/Praxis_Axams-6-300x200.jpg\" alt=\"\" width=\"300\" height=\"200\" srcset=\"https:\/\/www.arundegschicht.at\/axams\/wp-content\/uploads\/2022\/04\/Praxis_Axams-6-300x200.jpg 300w, https:\/\/www.arundegschicht.at\/axams\/wp-content\/uploads\/2022\/04\/Praxis_Axams-6-1024x683.jpg 1024w, https:\/\/www.arundegschicht.at\/axams\/wp-content\/uploads\/2022\/04\/Praxis_Axams-6-768x512.jpg 768w, https:\/\/www.arundegschicht.at\/axams\/wp-content\/uploads\/2022\/04\/Praxis_Axams-6-1536x1024.jpg 1536w, https:\/\/www.arundegschicht.at\/axams\/wp-content\/uploads\/2022\/04\/Praxis_Axams-6-690x462.jpg 690w, https:\/\/www.arundegschicht.at\/axams\/wp-content\/uploads\/2022\/04\/Praxis_Axams-6-390x261.jpg 390w, https:\/\/www.arundegschicht.at\/axams\/wp-content\/uploads\/2022\/04\/Praxis_Axams-6.jpg 1773w\" sizes=\"(max-width: 300px) 100vw, 300px\" \/><\/a> <a href=\"https:\/\/www.arundegschicht.at\/axams\/wp-content\/uploads\/2022\/04\/Praxis_Axams-4.jpg\"><img loading=\"lazy\" decoding=\"async\" class=\"size-medium wp-image-2135 alignleft\" src=\"https:\/\/www.arundegschicht.at\/axams\/wp-content\/uploads\/2022\/04\/Praxis_Axams-4-300x200.jpg\" alt=\"\" width=\"300\" height=\"200\" srcset=\"https:\/\/www.arundegschicht.at\/axams\/wp-content\/uploads\/2022\/04\/Praxis_Axams-4-300x200.jpg 300w, https:\/\/www.arundegschicht.at\/axams\/wp-content\/uploads\/2022\/04\/Praxis_Axams-4-1024x683.jpg 1024w, https:\/\/www.arundegschicht.at\/axams\/wp-content\/uploads\/2022\/04\/Praxis_Axams-4-768x512.jpg 768w, https:\/\/www.arundegschicht.at\/axams\/wp-content\/uploads\/2022\/04\/Praxis_Axams-4-1536x1024.jpg 1536w, https:\/\/www.arundegschicht.at\/axams\/wp-content\/uploads\/2022\/04\/Praxis_Axams-4-690x462.jpg 690w, https:\/\/www.arundegschicht.at\/axams\/wp-content\/uploads\/2022\/04\/Praxis_Axams-4-390x261.jpg 390w, https:\/\/www.arundegschicht.at\/axams\/wp-content\/uploads\/2022\/04\/Praxis_Axams-4.jpg 1773w\" sizes=\"(max-width: 300px) 100vw, 300px\" \/><\/a> <a href=\"https:\/\/www.arundegschicht.at\/axams\/wp-content\/uploads\/2022\/04\/Praxis_Axams-1.jpg\"><img loading=\"lazy\" decoding=\"async\" class=\"size-medium wp-image-2132 alignleft\" src=\"https:\/\/www.arundegschicht.at\/axams\/wp-content\/uploads\/2022\/04\/Praxis_Axams-1-300x200.jpg\" alt=\"\" width=\"300\" height=\"200\" srcset=\"https:\/\/www.arundegschicht.at\/axams\/wp-content\/uploads\/2022\/04\/Praxis_Axams-1-300x200.jpg 300w, https:\/\/www.arundegschicht.at\/axams\/wp-content\/uploads\/2022\/04\/Praxis_Axams-1-1024x683.jpg 1024w, https:\/\/www.arundegschicht.at\/axams\/wp-content\/uploads\/2022\/04\/Praxis_Axams-1-768x512.jpg 768w, https:\/\/www.arundegschicht.at\/axams\/wp-content\/uploads\/2022\/04\/Praxis_Axams-1-1536x1024.jpg 1536w, https:\/\/www.arundegschicht.at\/axams\/wp-content\/uploads\/2022\/04\/Praxis_Axams-1-690x462.jpg 690w, https:\/\/www.arundegschicht.at\/axams\/wp-content\/uploads\/2022\/04\/Praxis_Axams-1-390x261.jpg 390w, https:\/\/www.arundegschicht.at\/axams\/wp-content\/uploads\/2022\/04\/Praxis_Axams-1.jpg 1773w\" sizes=\"(max-width: 300px) 100vw, 300px\" \/><\/a> <a href=\"https:\/\/www.arundegschicht.at\/axams\/wp-content\/uploads\/2013\/05\/cropped-004-ArundeGschicht-Web.jpg\"><img loading=\"lazy\" decoding=\"async\" class=\"size-medium wp-image-1906 alignleft\" src=\"https:\/\/www.arundegschicht.at\/axams\/wp-content\/uploads\/2013\/05\/cropped-004-ArundeGschicht-Web-300x118.jpg\" alt=\"\" width=\"300\" height=\"118\" srcset=\"https:\/\/www.arundegschicht.at\/axams\/wp-content\/uploads\/2013\/05\/cropped-004-ArundeGschicht-Web-300x118.jpg 300w, https:\/\/www.arundegschicht.at\/axams\/wp-content\/uploads\/2013\/05\/cropped-004-ArundeGschicht-Web-1024x404.jpg 1024w, https:\/\/www.arundegschicht.at\/axams\/wp-content\/uploads\/2013\/05\/cropped-004-ArundeGschicht-Web-768x303.jpg 768w, https:\/\/www.arundegschicht.at\/axams\/wp-content\/uploads\/2013\/05\/cropped-004-ArundeGschicht-Web-1140x450.jpg 1140w, https:\/\/www.arundegschicht.at\/axams\/wp-content\/uploads\/2013\/05\/cropped-004-ArundeGschicht-Web.jpg 1500w\" sizes=\"(max-width: 300px) 100vw, 300px\" \/><\/a><\/p>\n<p><a href=\"https:\/\/www.arundegschicht.at\/axams\/wp-content\/uploads\/2022\/04\/Praxis_Axams-3.jpg\"><img loading=\"lazy\" decoding=\"async\" class=\"size-medium wp-image-2134 alignleft\" src=\"https:\/\/www.arundegschicht.at\/axams\/wp-content\/uploads\/2022\/04\/Praxis_Axams-3-300x200.jpg\" alt=\"\" width=\"300\" height=\"200\" srcset=\"https:\/\/www.arundegschicht.at\/axams\/wp-content\/uploads\/2022\/04\/Praxis_Axams-3-300x200.jpg 300w, https:\/\/www.arundegschicht.at\/axams\/wp-content\/uploads\/2022\/04\/Praxis_Axams-3-1024x683.jpg 1024w, https:\/\/www.arundegschicht.at\/axams\/wp-content\/uploads\/2022\/04\/Praxis_Axams-3-768x512.jpg 768w, https:\/\/www.arundegschicht.at\/axams\/wp-content\/uploads\/2022\/04\/Praxis_Axams-3-1536x1024.jpg 1536w, https:\/\/www.arundegschicht.at\/axams\/wp-content\/uploads\/2022\/04\/Praxis_Axams-3-690x462.jpg 690w, https:\/\/www.arundegschicht.at\/axams\/wp-content\/uploads\/2022\/04\/Praxis_Axams-3-390x261.jpg 390w, https:\/\/www.arundegschicht.at\/axams\/wp-content\/uploads\/2022\/04\/Praxis_Axams-3.jpg 1773w\" sizes=\"(max-width: 300px) 100vw, 300px\" \/><\/a> <a href=\"https:\/\/www.arundegschicht.at\/axams\/wp-content\/uploads\/2022\/04\/Praxis_Axams-2.jpg\"><img loading=\"lazy\" decoding=\"async\" class=\"size-medium wp-image-2133 alignleft\" src=\"https:\/\/www.arundegschicht.at\/axams\/wp-content\/uploads\/2022\/04\/Praxis_Axams-2-200x300.jpg\" alt=\"\" width=\"200\" height=\"300\" srcset=\"https:\/\/www.arundegschicht.at\/axams\/wp-content\/uploads\/2022\/04\/Praxis_Axams-2-200x300.jpg 200w, https:\/\/www.arundegschicht.at\/axams\/wp-content\/uploads\/2022\/04\/Praxis_Axams-2-683x1024.jpg 683w, https:\/\/www.arundegschicht.at\/axams\/wp-content\/uploads\/2022\/04\/Praxis_Axams-2-768x1152.jpg 768w, https:\/\/www.arundegschicht.at\/axams\/wp-content\/uploads\/2022\/04\/Praxis_Axams-2-1024x1536.jpg 1024w, https:\/\/www.arundegschicht.at\/axams\/wp-content\/uploads\/2022\/04\/Praxis_Axams-2.jpg 1182w\" sizes=\"(max-width: 200px) 100vw, 200px\" \/><\/a><\/p>\n","protected":false},"excerpt":{"rendered":"<p>&#8230;in der Praxisgemeinschaft &#8222;A runde Gschicht&#8220; &nbsp; Sie sind auf der Suche nach innovativen und erfahrenen SpezialistInnen in den Bereichen Psychotherapie, Kinder- und Jugendlichenpsychotherapie, Beratung bzw. Klinischer- und Gesundheitspsychologie? Dann <a class=\"more-link\" href=\"https:\/\/www.arundegschicht.at\/axams\/landing-page\/\">Weiterlesen \u2192<\/a><\/p>\n","protected":false},"author":5,"featured_media":0,"parent":0,"menu_order":0,"comment_status":"closed","ping_status":"closed","template":"","meta":{"footnotes":""},"_links":{"self":[{"href":"https:\/\/www.arundegschicht.at\/axams\/wp-json\/wp\/v2\/pages\/1754"}],"collection":[{"href":"https:\/\/www.arundegschicht.at\/axams\/wp-json\/wp\/v2\/pages"}],"about":[{"href":"https:\/\/www.arundegschicht.at\/axams\/wp-json\/wp\/v2\/types\/page"}],"author":[{"embeddable":true,"href":"https:\/\/www.arundegschicht.at\/axams\/wp-json\/wp\/v2\/users\/5"}],"replies":[{"embeddable":true,"href":"https:\/\/www.arundegschicht.at\/axams\/wp-json\/wp\/v2\/comments?post=1754"}],"version-history":[{"count":19,"href":"https:\/\/www.arundegschicht.at\/axams\/wp-json\/wp\/v2\/pages\/1754\/revisions"}],"predecessor-version":[{"id":2292,"href":"https:\/\/www.arundegschicht.at\/axams\/wp-json\/wp\/v2\/pages\/1754\/revisions\/2292"}],"wp:attachment":[{"href":"https:\/\/www.arundegschicht.at\/axams\/wp-json\/wp\/v2\/media?parent=1754"}],"curies":[{"name":"wp","href":"https:\/\/api.w.org\/{rel}","templated":true}]}}