{"id":2006,"date":"2022-02-09T17:32:52","date_gmt":"2022-02-09T16:32:52","guid":{"rendered":"https:\/\/www.arundegschicht.at\/axams\/?page_id=2006"},"modified":"2022-08-01T14:29:26","modified_gmt":"2022-08-01T13:29:26","slug":"mag-a-gisela-mausser","status":"publish","type":"page","link":"https:\/\/www.arundegschicht.at\/axams\/mag-a-gisela-mausser\/","title":{"rendered":"Mag.a Gisela Mausser"},"content":{"rendered":"\r\n<p><a href=\"https:\/\/www.arundegschicht.at\/axams\/wp-content\/uploads\/2022\/08\/Flyerfoto.jpg\"><img loading=\"lazy\" decoding=\"async\" class=\"alignnone wp-image-2273 size-medium\" src=\"https:\/\/www.arundegschicht.at\/axams\/wp-content\/uploads\/2022\/08\/Flyerfoto-300x296.jpg\" alt=\"\" width=\"300\" height=\"296\" srcset=\"https:\/\/www.arundegschicht.at\/axams\/wp-content\/uploads\/2022\/08\/Flyerfoto-300x296.jpg 300w, https:\/\/www.arundegschicht.at\/axams\/wp-content\/uploads\/2022\/08\/Flyerfoto-1024x1010.jpg 1024w, https:\/\/www.arundegschicht.at\/axams\/wp-content\/uploads\/2022\/08\/Flyerfoto-768x758.jpg 768w, https:\/\/www.arundegschicht.at\/axams\/wp-content\/uploads\/2022\/08\/Flyerfoto.jpg 1413w\" sizes=\"(max-width: 300px) 100vw, 300px\" \/><\/a><\/p>\r\n<p><strong>Mag.<sup>a\u00a0<\/sup>Gisela Mausser<\/strong><\/p>\r\n<ul>\r\n<li>Psychotherapeutin in Ausbildung unter Supervision &#8211; Fachrichtung Integrative Therapie<\/li>\r\n<li>Psychologin<\/li>\r\n<li>verheiratet, Tagesmutter und Mutter von vier eigenen Kindern\u00a0<\/li>\r\n<\/ul>\r\n\r\n\r\n\r\n<p><strong>Berufserfahrung und Praktika:<\/strong><\/p>\r\n\r\n\r\n\r\n<ul>\r\n<li>Betreuung beim PSP, Psychosozialer\u00a0Pflegedienst<\/li>\r\n<li>Telefonische Beratungsstelle, Di\u00f6zese Innsbruck<\/li>\r\n<li>Artis Betriebe, Promente<\/li>\r\n<li>Wohngemeinschaft, Lebenshilfe\u00a0<\/li>\r\n<li>Betreuung von Tageskindern<\/li>\r\n<li>Leitung einer therapeutischen Musikgruppe \u00a0<\/li>\r\n<\/ul>\r\n\r\n\r\n\r\n<p><strong>Ausbildungen:\u00a0<\/strong><\/p>\r\n\r\n\r\n\r\n<ul>\r\n<li>seit 2018 Studium Psychotherapie der Integrativen Therapie an der Donau Uni Krems<\/li>\r\n<li>2006- 2012 Psychologiestudium an der Leopold-Franzens-Universit\u00e4t Innsbruck<\/li>\r\n<li>2002-2006\u00a0 Oberstufenrealgymnasium der Franziskanerinnen in V\u00f6cklabruck<\/li>\r\n<li>Musikalische Ausbildung an der LMS Ottnang a. H.<\/li>\r\n<li>Seminar: Schrei- und F\u00fctterst\u00f6rungen bei S\u00e4uglingen an der Uni Innsbruck<\/li>\r\n<li>Seminar: Zwischenleiblichkeit in der Paartherapie<\/li>\r\n<\/ul>\r\n\r\n\r\n\r\n<p><strong>Settings:<\/strong><\/p>\r\n\r\n\r\n\r\n<p>Einzeln: Erwachsene, Kinder und Jugendliche, Paare<\/p>\r\n\r\n\r\n\r\n\r\n\r\n<p><strong>Schwerpunkte:<\/strong><\/p>\r\n\r\n\r\n\r\n<ul>\r\n<li>Therapeutisches Arbeiten mit Erwachsenen, Kindern und Jugendlichen<\/li>\r\n<li>K\u00f6rper- und Leibtherapie<\/li>\r\n<li>Anwendung von kreativen Methoden wie Farben, Percussionsinstrumenten, Arbeit mit dem leeren Stuhl, Theater und Handpuppen<\/li>\r\n<\/ul>\r\n\r\n\r\n\r\n<p id=\"kontakt\"><strong>Kontakt:<\/strong><\/p>\r\n\r\n\r\n\r\n<p>Mag. Gisela Mausser<\/p>\r\n\r\n\r\n\r\n<p><a href=\"tel:+436609535432\">+43 660 9535432<\/a><\/p>\r\n\r\n\r\n\r\n<p><a href=\"mailto:gisela@psychotherapie-mausser.at\" target=\"_blank\" rel=\"noreferrer noopener\">gisela@psychotherapie-mausser.at<\/a><\/p>\r\n\r\n\r\n\r\n<p><a href=\"http:\/\/www.psychotherapie-mausser.at\">www.psychotherapie-mausser.at<\/a><\/p>\r\n","protected":false},"excerpt":{"rendered":"<p>Mag.a\u00a0Gisela Mausser Psychotherapeutin in Ausbildung unter Supervision &#8211; Fachrichtung Integrative Therapie Psychologin verheiratet, Tagesmutter und Mutter von vier eigenen Kindern\u00a0 Berufserfahrung und Praktika: Betreuung beim PSP, Psychosozialer\u00a0Pflegedienst Telefonische Beratungsstelle, Di\u00f6zese <a class=\"more-link\" href=\"https:\/\/www.arundegschicht.at\/axams\/mag-a-gisela-mausser\/\">Weiterlesen \u2192<\/a><\/p>\n","protected":false},"author":3,"featured_media":0,"parent":0,"menu_order":0,"comment_status":"closed","ping_status":"closed","template":"","meta":{"footnotes":""},"_links":{"self":[{"href":"https:\/\/www.arundegschicht.at\/axams\/wp-json\/wp\/v2\/pages\/2006"}],"collection":[{"href":"https:\/\/www.arundegschicht.at\/axams\/wp-json\/wp\/v2\/pages"}],"about":[{"href":"https:\/\/www.arundegschicht.at\/axams\/wp-json\/wp\/v2\/types\/page"}],"author":[{"embeddable":true,"href":"https:\/\/www.arundegschicht.at\/axams\/wp-json\/wp\/v2\/users\/3"}],"replies":[{"embeddable":true,"href":"https:\/\/www.arundegschicht.at\/axams\/wp-json\/wp\/v2\/comments?post=2006"}],"version-history":[{"count":8,"href":"https:\/\/www.arundegschicht.at\/axams\/wp-json\/wp\/v2\/pages\/2006\/revisions"}],"predecessor-version":[{"id":2274,"href":"https:\/\/www.arundegschicht.at\/axams\/wp-json\/wp\/v2\/pages\/2006\/revisions\/2274"}],"wp:attachment":[{"href":"https:\/\/www.arundegschicht.at\/axams\/wp-json\/wp\/v2\/media?parent=2006"}],"curies":[{"name":"wp","href":"https:\/\/api.w.org\/{rel}","templated":true}]}}