{"id":2022,"date":"2022-02-10T20:36:04","date_gmt":"2022-02-10T19:36:04","guid":{"rendered":"https:\/\/www.arundegschicht.at\/axams\/?page_id=2022"},"modified":"2022-02-10T20:41:17","modified_gmt":"2022-02-10T19:41:17","slug":"kinder-und-jugendliche","status":"publish","type":"page","link":"https:\/\/www.arundegschicht.at\/axams\/angebote-2\/kinder-und-jugendliche\/","title":{"rendered":"Kinder und Jugendliche"},"content":{"rendered":"<p class=\"has-background-color has-text-color\">Die Kinder- und Jugendpsychotherapie unterscheidet sich von der \u00fcblichen Gespr\u00e4chstherapie f\u00fcr Erwachsene besonders in der\u00a0<strong>Gestaltung der Begegnung<\/strong>:<\/p>\n<p class=\"has-background-color has-text-color\">Umso j\u00fcnger die Kinder, desto weniger dr\u00fccken sie sich selbst und ihre Erlebnisse \u00fcber Worte aus. Um also mit einem Kind in Kontakt zu kommen, in Beziehung und Dialog treten zu k\u00f6nnen, um eine vertrauensvolle heilungsf\u00f6rdernde Beziehung aufzubauen und zu halten, ist ein anderer Weg zu beschreiten als jener des \u00fcblichen Gespr\u00e4ches \u2013 das\u00a0<strong>Spiel<\/strong>, die\u00a0<strong>Bewegung<\/strong>, das\u00a0<strong>kreative Tun und Gestalten<\/strong>, sowie das\u00a0<strong>Dabei-sein<\/strong>\u00a0und\u00a0<strong>gezieltes reflektiertes Mitmachen und Anbieten<\/strong>\u00a0sind die Wege der Kommunikation. Abgesehen vom Zugang ist auch der\u00a0<strong>diagnostische Blick<\/strong>\u00a0spezialisiert, da Kinder beispielsweise eine Depression auch ganz anders ausdr\u00fccken k\u00f6nnen, als mit den bekannten Symptomen eines Erwachsenen.<\/p>\n<p>Ein weiterer wesentlicher und gewichtiger Faktor in der Kinder- und Jugendpsychotherapie liegt in der\u00a0<strong>Umfeld-Arbeit<\/strong>: In der Therapie von Erwachsenen tr\u00e4gt die m\u00fcndige erwachsene Person die Verantwortung f\u00fcr sich selbst. Anders beim Kind und Jugendlichen \u2013 diese sind eben noch nicht m\u00fcndig und von den\u00a0<strong>prim\u00e4ren Bezugspersonen bzw. obsorgepflichtigen Personen abh\u00e4ngig<\/strong>. Damit sind Gespr\u00e4che mit diesen an der\u00a0<strong>Entwicklung<\/strong>\u00a0des Kindes\/Jugendlichen ma\u00dfgeblich mitbeteiligten Personen unumg\u00e4nglich und wichtig, da es auch diese Menschen sind, die hier\u00a0<strong>mitarbeiten<\/strong>. Ein Kind\/Jugendlicher kann grunds\u00e4tzlich nur soweit an sich etwas ver\u00e4ndern, wie dies die obsorgepflichtigen Personen erm\u00f6glichen.<\/p>\n<p>&nbsp;<\/p>\n<h2 id=\"psychotherapie-mit-kindern-und-jugendlichen-unterstutzt-bei\" class=\"has-foreground-color has-text-color\"><strong>Psychotherapie mit Kindern und Jugendlichen unterst\u00fctzt bei\u2026<\/strong><\/h2>\n<ul>\n<li>Trennung oder Scheidung der Eltern<\/li>\n<li>Trauer durch Verlust eines Angeh\u00f6rigen oder Nahestehenden<\/li>\n<li>in belastenden Lebenssituationen<\/li>\n<li>bei Depressionen und Suizidgefahr<\/li>\n<li>zur F\u00f6rderung der pers\u00f6nlichen Entwicklung<\/li>\n<li>Schulschwierigkeiten, Schulverweigerung<\/li>\n<li>ADHS, \u201cZappelphilipp\u201d-Syndrom<\/li>\n<li>Gewalterfahrung und Mobbing<\/li>\n<li>Traumatische Erlebnisse oder Erfahrungen<\/li>\n<li>Konflikten mit Eltern und Gleichaltrigen<\/li>\n<li>Schlafst\u00f6rungen<\/li>\n<li>Essst\u00f6rungen<\/li>\n<li>Panikattacken und Angst<\/li>\n<li>S\u00fcchte<\/li>\n<li>Zw\u00e4nge \/ Zwangshandlungen<\/li>\n<li>Leistungsdruck \/ Pr\u00fcfungsangst<\/li>\n<li>u.v.m<\/li>\n<\/ul>\n<p>&nbsp;<\/p>\n","protected":false},"excerpt":{"rendered":"<p>Die Kinder- und Jugendpsychotherapie unterscheidet sich von der \u00fcblichen Gespr\u00e4chstherapie f\u00fcr Erwachsene besonders in der\u00a0Gestaltung der Begegnung: Umso j\u00fcnger die Kinder, desto weniger dr\u00fccken sie sich selbst und ihre Erlebnisse <a class=\"more-link\" href=\"https:\/\/www.arundegschicht.at\/axams\/angebote-2\/kinder-und-jugendliche\/\">Weiterlesen \u2192<\/a><\/p>\n","protected":false},"author":3,"featured_media":0,"parent":17,"menu_order":3,"comment_status":"closed","ping_status":"closed","template":"","meta":{"footnotes":""},"_links":{"self":[{"href":"https:\/\/www.arundegschicht.at\/axams\/wp-json\/wp\/v2\/pages\/2022"}],"collection":[{"href":"https:\/\/www.arundegschicht.at\/axams\/wp-json\/wp\/v2\/pages"}],"about":[{"href":"https:\/\/www.arundegschicht.at\/axams\/wp-json\/wp\/v2\/types\/page"}],"author":[{"embeddable":true,"href":"https:\/\/www.arundegschicht.at\/axams\/wp-json\/wp\/v2\/users\/3"}],"replies":[{"embeddable":true,"href":"https:\/\/www.arundegschicht.at\/axams\/wp-json\/wp\/v2\/comments?post=2022"}],"version-history":[{"count":1,"href":"https:\/\/www.arundegschicht.at\/axams\/wp-json\/wp\/v2\/pages\/2022\/revisions"}],"predecessor-version":[{"id":2023,"href":"https:\/\/www.arundegschicht.at\/axams\/wp-json\/wp\/v2\/pages\/2022\/revisions\/2023"}],"up":[{"embeddable":true,"href":"https:\/\/www.arundegschicht.at\/axams\/wp-json\/wp\/v2\/pages\/17"}],"wp:attachment":[{"href":"https:\/\/www.arundegschicht.at\/axams\/wp-json\/wp\/v2\/media?parent=2022"}],"curies":[{"name":"wp","href":"https:\/\/api.w.org\/{rel}","templated":true}]}}