{"id":216,"date":"2013-05-19T12:33:57","date_gmt":"2013-05-19T10:33:57","guid":{"rendered":"http:\/\/www.arundegschicht.at\/psychotherapie\/?page_id=216"},"modified":"2019-07-13T09:06:34","modified_gmt":"2019-07-13T07:06:34","slug":"burn-out","status":"publish","type":"page","link":"https:\/\/www.arundegschicht.at\/axams\/krankheitsbilder\/burn-out\/","title":{"rendered":"Burnout"},"content":{"rendered":"<p style=\"text-align: left;\">Ist ein Syndrom das durch\u00a0geistige, k\u00f6rperliche und emotionale Ersch\u00f6pfung\u00a0gekennzeichnet ist. Die Betroffenen leiden meist unter M\u00fcdigkeit, Antriebslosigkeit und Gleichg\u00fcltigkeit gegen\u00fcber ihrer Arbeit. Wir unterst\u00fctzen Sie gern aus dem Burnout herauszufinden und neue Kraft und Motivation in ihrem Beruf zu entwickeln. Erarbeiten neuer Strategien im Umgang mit Stress am Arbeitsplatz sind wichtig um zuk\u00fcnftig einem Burnout vorzubeugen.<\/p>\n","protected":false},"excerpt":{"rendered":"<p>Ist ein Syndrom das durch\u00a0geistige, k\u00f6rperliche und emotionale Ersch\u00f6pfung\u00a0gekennzeichnet ist. Die Betroffenen leiden meist unter M\u00fcdigkeit, Antriebslosigkeit und Gleichg\u00fcltigkeit gegen\u00fcber ihrer Arbeit. Wir unterst\u00fctzen Sie gern aus dem Burnout herauszufinden <a class=\"more-link\" href=\"https:\/\/www.arundegschicht.at\/axams\/krankheitsbilder\/burn-out\/\">Weiterlesen \u2192<\/a><\/p>\n","protected":false},"author":1,"featured_media":0,"parent":29,"menu_order":0,"comment_status":"closed","ping_status":"closed","template":"","meta":{"footnotes":""},"_links":{"self":[{"href":"https:\/\/www.arundegschicht.at\/axams\/wp-json\/wp\/v2\/pages\/216"}],"collection":[{"href":"https:\/\/www.arundegschicht.at\/axams\/wp-json\/wp\/v2\/pages"}],"about":[{"href":"https:\/\/www.arundegschicht.at\/axams\/wp-json\/wp\/v2\/types\/page"}],"author":[{"embeddable":true,"href":"https:\/\/www.arundegschicht.at\/axams\/wp-json\/wp\/v2\/users\/1"}],"replies":[{"embeddable":true,"href":"https:\/\/www.arundegschicht.at\/axams\/wp-json\/wp\/v2\/comments?post=216"}],"version-history":[{"count":1,"href":"https:\/\/www.arundegschicht.at\/axams\/wp-json\/wp\/v2\/pages\/216\/revisions"}],"predecessor-version":[{"id":1515,"href":"https:\/\/www.arundegschicht.at\/axams\/wp-json\/wp\/v2\/pages\/216\/revisions\/1515"}],"up":[{"embeddable":true,"href":"https:\/\/www.arundegschicht.at\/axams\/wp-json\/wp\/v2\/pages\/29"}],"wp:attachment":[{"href":"https:\/\/www.arundegschicht.at\/axams\/wp-json\/wp\/v2\/media?parent=216"}],"curies":[{"name":"wp","href":"https:\/\/api.w.org\/{rel}","templated":true}]}}