{"id":2172,"date":"2022-04-24T19:41:01","date_gmt":"2022-04-24T18:41:01","guid":{"rendered":"https:\/\/www.arundegschicht.at\/axams\/?page_id=2172"},"modified":"2022-05-02T09:20:35","modified_gmt":"2022-05-02T08:20:35","slug":"physiotherapie","status":"publish","type":"page","link":"https:\/\/www.arundegschicht.at\/axams\/physiotherapie\/","title":{"rendered":"Physiotherapie"},"content":{"rendered":"<div class=\"et_pb_module et_pb_blurb et_pb_blurb_0 et_pb_text_align_left et_pb_blurb_position_top et_pb_bg_layout_light\">\n<div class=\"et_pb_blurb_content\">\n<div class=\"et_pb_blurb_container\">\n<h2 class=\"et_pb_module_header\">Was ist Physiotherapie?<\/h2>\n<div class=\"et_pb_blurb_description\">\n<p>In der Physiotherapie werden Menschen behandelt, deren k\u00f6rperliche Beweglichkeit oder das k\u00f6rperliche Wohlbefinden aufgrund von z.B. Unfall, chronischer Erkrankung, \u00dcberlastung, Alter oder Behinderung beeintr\u00e4chtigt ist.<\/p>\n<p>Ziele der Physiotherapie sind einerseits die Vermeidung von Funktionsst\u00f6rungen des Bewegungssystems, andererseits die Erhaltung und Wiederherstellung der nat\u00fcrlichen Bewegungsabl\u00e4ufe, um PatientInnen eine optimale Bewegungs- und Schmerzfreiheit, sportliche Leistungsf\u00e4higkeit bzw. Selbstst\u00e4ndigkeit zu erm\u00f6glichen.<\/p>\n<p>Um dies zu erreichen, werden oft manuelle Behandlungstechniken, Massagen, die Instruktion von K\u00f6rper\u00fcbungen sowie die Erstellung von Trainingspl\u00e4nen eingesetzt.<\/p>\n<p>Die Ausbildung zum Physiotherapeuten umfasst ein 3 j\u00e4hriges Vollzeitstudium, das mehrere Monate Praktikum beinhaltet. Die Praktikas werden in Krankenh\u00e4usern und Rehaeinrichtungen durchgef\u00fchrt und umfassen die Bereiche Orthop\u00e4die, Traumatologie, Neurologie, Psychiatrie, Gyn\u00e4kologie und P\u00e4diatrie. Der erfolgreiche Abschluss beinhaltet das Verfassen einer Diplomarbeit.<\/p>\n<p><a href=\"https:\/\/www.arundegschicht.at\/axams\/wp-content\/uploads\/2022\/04\/craniosacral-gaa37dce10_1920.jpg\"><img loading=\"lazy\" decoding=\"async\" class=\"size-medium wp-image-2173 aligncenter\" src=\"https:\/\/www.arundegschicht.at\/axams\/wp-content\/uploads\/2022\/04\/craniosacral-gaa37dce10_1920-300x200.jpg\" alt=\"\" width=\"300\" height=\"200\" srcset=\"https:\/\/www.arundegschicht.at\/axams\/wp-content\/uploads\/2022\/04\/craniosacral-gaa37dce10_1920-300x200.jpg 300w, https:\/\/www.arundegschicht.at\/axams\/wp-content\/uploads\/2022\/04\/craniosacral-gaa37dce10_1920-1024x683.jpg 1024w, https:\/\/www.arundegschicht.at\/axams\/wp-content\/uploads\/2022\/04\/craniosacral-gaa37dce10_1920-768x512.jpg 768w, https:\/\/www.arundegschicht.at\/axams\/wp-content\/uploads\/2022\/04\/craniosacral-gaa37dce10_1920-1536x1025.jpg 1536w, https:\/\/www.arundegschicht.at\/axams\/wp-content\/uploads\/2022\/04\/craniosacral-gaa37dce10_1920-690x462.jpg 690w, https:\/\/www.arundegschicht.at\/axams\/wp-content\/uploads\/2022\/04\/craniosacral-gaa37dce10_1920-390x261.jpg 390w, https:\/\/www.arundegschicht.at\/axams\/wp-content\/uploads\/2022\/04\/craniosacral-gaa37dce10_1920.jpg 1920w\" sizes=\"(max-width: 300px) 100vw, 300px\" \/><\/a><\/p>\n<\/div>\n<\/div>\n<\/div>\n<\/div>\n<div class=\"et_pb_module et_pb_blurb et_pb_blurb_1 et_pb_text_align_left et_pb_blurb_position_top et_pb_bg_layout_light\">\n<div class=\"et_pb_blurb_content\">\n<div class=\"et_pb_blurb_container\">\n<h2 class=\"et_pb_module_header\">Wann hilft Physiotherapie?<\/h2>\n<div class=\"et_pb_blurb_description\">\n<p>Physiotherapie wird angewendet<\/p>\n<ul>\n<li>zur Rehabilitation nach Verletzungen und Operationen<\/li>\n<li>bei chronischen Beschwerden des Bewegungsapparates z.B. der Wirbels\u00e4ule, Bandscheibenvorfall, Arthrose der Gelenke, Sehnenscheidenentz\u00fcndung, Kopfschmerzen, Nackenverspannungen, etc.<\/li>\n<li>zur Prophylaxe, um das k\u00f6rperliche Wohlbefinden und die Leistungsf\u00e4higkeit zu erhalten oder zu steigern.<\/li>\n<\/ul>\n<p>&nbsp;<\/p>\n<h2>Meine Fortbildungen und Spezialisierungen (Kathrin Steiger)<\/h2>\n<p>Begleitend zur Arbeit in der Praxis absolvierte ich regelm\u00e4\u00dfige Fortbildungen im Bereich Sportphysiotherapie, Kinesiotaping, manuelle Lymphdrainage, Faszienbehandlung, Yoga sowie Cranio Sacral Therapie.<\/p>\n<p>Bei der Behandlung von Schmerzen faszinierte mich immer die Frage, wie der K\u00f6rper und die Psyche miteinander in Wechselwirkung stehen. Um dieser Frage nachzugehen habe ich das psychotherapeutische Prop\u00e4deutikum an der Uni Innsbruck absolviert und Ende 2017 erfolgreich abgeschlossen.<\/p>\n<p>Resultierend aus den vielf\u00e4ltigen Fortbildungen und meinen Berufserfahrungen sehe ich es als besonders Wichtig, die Selbstwirksamkeit und Selbstverantwortung des Patienten zu f\u00f6rdern.<\/p>\n<p>Das Wissen zu vermitteln, was jeder selbst gegen seine Schmerzen tun und wie man aktiv zu seiner Genesung beitragen kann, ist daher eine wichtige S\u00e4ule in meiner Behandlung. Denn unser K\u00f6rper heilt erwiesenerma\u00dfen am Besten in Bewegung.<\/p>\n<p>&nbsp;<\/p>\n<h2>Therapeutin nach Liebscher und Bracht<\/h2>\n<p>Um die Patienten noch gezielter in ihrer Aktivit\u00e4t und Training unterst\u00fctzen und gezielte Hilfe zur Selbsthilfe anbieten zu k\u00f6nnen, habe ich die Ausbildung zur zertifizierten Liebscher&amp;Bracht Schmerztherapeutin sowie die Fortbildung zur Funktionellen Elektro Muskelstimulation an der Stiwell Academy absolviert.<\/p>\n<p>&nbsp;<\/p>\n<h2>Therapeutin f\u00fcr den Beckenboden<\/h2>\n<p>Ein weiterer Spezialisierung ist die Betreuung von gyn\u00e4kologischen Patientinnen insbesondere bei Problemen im Bereich des Beckenbodens.<\/p>\n<p>&nbsp;<\/p>\n<\/div>\n<\/div>\n<h2>Kontakt<\/h2>\n<p>Kathrin Steiger<\/p>\n<p><u><a href=\"https:\/\/nam12.safelinks.protection.outlook.com\/?url=http%3A%2F%2Fwww.therapie-pafnitz.at%2F&amp;data=05%7C01%7C%7C1e612bd3b9024186a97908da25707269%7C84df9e7fe9f640afb435aaaaaaaaaaaa%7C1%7C0%7C637863462129945167%7CUnknown%7CTWFpbGZsb3d8eyJWIjoiMC4wLjAwMDAiLCJQIjoiV2luMzIiLCJBTiI6Ik1haWwiLCJXVCI6Mn0%3D%7C3000%7C%7C%7C&amp;sdata=cYlcKqjphGUCrNFepo6XIKSAPjbqapUScGJode%2F85ts%3D&amp;reserved=0\" data-saferedirecturl=\"https:\/\/www.google.com\/url?q=https:\/\/nam12.safelinks.protection.outlook.com\/?url%3Dhttp%253A%252F%252Fwww.therapie-pafnitz.at%252F%26data%3D05%257C01%257C%257C1e612bd3b9024186a97908da25707269%257C84df9e7fe9f640afb435aaaaaaaaaaaa%257C1%257C0%257C637863462129945167%257CUnknown%257CTWFpbGZsb3d8eyJWIjoiMC4wLjAwMDAiLCJQIjoiV2luMzIiLCJBTiI6Ik1haWwiLCJXVCI6Mn0%253D%257C3000%257C%257C%257C%26sdata%3DcYlcKqjphGUCrNFepo6XIKSAPjbqapUScGJode%252F85ts%253D%26reserved%3D0&amp;source=gmail&amp;ust=1650910371207000&amp;usg=AOvVaw04uP8aGmGnDrGCgKPaYcJL\">www.therapie-pafnitz.at<\/a><\/u><\/p>\n<p><a href=\"mailto:praxis@therapie-pafnitz.at\">praxis@therapie-pafnitz.at<\/a><\/p>\n<\/div>\n<\/div>\n","protected":false},"excerpt":{"rendered":"<p>Was ist Physiotherapie? In der Physiotherapie werden Menschen behandelt, deren k\u00f6rperliche Beweglichkeit oder das k\u00f6rperliche Wohlbefinden aufgrund von z.B. Unfall, chronischer Erkrankung, \u00dcberlastung, Alter oder Behinderung beeintr\u00e4chtigt ist. Ziele der <a class=\"more-link\" href=\"https:\/\/www.arundegschicht.at\/axams\/physiotherapie\/\">Weiterlesen \u2192<\/a><\/p>\n","protected":false},"author":3,"featured_media":0,"parent":0,"menu_order":0,"comment_status":"closed","ping_status":"closed","template":"","meta":{"footnotes":""},"_links":{"self":[{"href":"https:\/\/www.arundegschicht.at\/axams\/wp-json\/wp\/v2\/pages\/2172"}],"collection":[{"href":"https:\/\/www.arundegschicht.at\/axams\/wp-json\/wp\/v2\/pages"}],"about":[{"href":"https:\/\/www.arundegschicht.at\/axams\/wp-json\/wp\/v2\/types\/page"}],"author":[{"embeddable":true,"href":"https:\/\/www.arundegschicht.at\/axams\/wp-json\/wp\/v2\/users\/3"}],"replies":[{"embeddable":true,"href":"https:\/\/www.arundegschicht.at\/axams\/wp-json\/wp\/v2\/comments?post=2172"}],"version-history":[{"count":3,"href":"https:\/\/www.arundegschicht.at\/axams\/wp-json\/wp\/v2\/pages\/2172\/revisions"}],"predecessor-version":[{"id":2221,"href":"https:\/\/www.arundegschicht.at\/axams\/wp-json\/wp\/v2\/pages\/2172\/revisions\/2221"}],"wp:attachment":[{"href":"https:\/\/www.arundegschicht.at\/axams\/wp-json\/wp\/v2\/media?parent=2172"}],"curies":[{"name":"wp","href":"https:\/\/api.w.org\/{rel}","templated":true}]}}