{"id":218,"date":"2013-05-19T12:34:32","date_gmt":"2013-05-19T10:34:32","guid":{"rendered":"http:\/\/www.arundegschicht.at\/psychotherapie\/?page_id=218"},"modified":"2019-07-13T09:06:34","modified_gmt":"2019-07-13T07:06:34","slug":"depression","status":"publish","type":"page","link":"https:\/\/www.arundegschicht.at\/axams\/krankheitsbilder\/depression\/","title":{"rendered":"Depression"},"content":{"rendered":"<p style=\"text-align: justify;\">Depression gilt als die h\u00e4ufigste\u00a0 psychische St\u00f6rung und geh\u00f6rt derzeit zu den f\u00fcnf h\u00e4ufigsten Krankheiten. In depressiven Phasen ist die Neigung gro\u00df, die eigene Kraft und St\u00e4rke zu untersch\u00e4tzen, Fehler aufzubauschen und dies kann bis zu Selbstmordgedanken f\u00fchren. Der Antrieb und die Aktivit\u00e4t sind vermindert und oft kommen unangemessene Schuldgef\u00fchle dazu. Somatische St\u00f6rungen sowie Schlafst\u00f6rungen k\u00f6nnen auch Auswirkungen einer Depression sein.<\/p>\n<p style=\"text-align: justify;\">Depression betrifft nicht nur den Einzelnen, sondern meist die ganze Familie. In Partnerschaften kann es zu fehlender Kommunikation, Streit und R\u00fcckzug kommen. Das Gef\u00fchl der Hilflosigkeit und Aussichtlosigkeit stellt sich auf beiden Seiten ein. Wenn ein Elternteil depressiv ist, sollte den Kindern geholfen werden die Krankheit zu verstehen und ihre Gef\u00fchle auszudr\u00fccken.<br \/>\nBei Jugendlichen kann eine Depression leicht \u00fcbersehen werden, da Stimmungsschwankungen und Melancholie oft der Pubert\u00e4t zugeschrieben werden. So stellt es eine wichtige Aufgabe f\u00fcr Eltern dar, Anzeichen nicht zu verharmlosen, besonders wenn sich die Familie vielleicht gerade in einer Umbruchssituation befindet.<\/p>\n","protected":false},"excerpt":{"rendered":"<p>Depression gilt als die h\u00e4ufigste\u00a0 psychische St\u00f6rung und geh\u00f6rt derzeit zu den f\u00fcnf h\u00e4ufigsten Krankheiten. In depressiven Phasen ist die Neigung gro\u00df, die eigene Kraft und St\u00e4rke zu untersch\u00e4tzen, Fehler <a class=\"more-link\" href=\"https:\/\/www.arundegschicht.at\/axams\/krankheitsbilder\/depression\/\">Weiterlesen \u2192<\/a><\/p>\n","protected":false},"author":1,"featured_media":0,"parent":29,"menu_order":1,"comment_status":"closed","ping_status":"closed","template":"","meta":{"footnotes":""},"_links":{"self":[{"href":"https:\/\/www.arundegschicht.at\/axams\/wp-json\/wp\/v2\/pages\/218"}],"collection":[{"href":"https:\/\/www.arundegschicht.at\/axams\/wp-json\/wp\/v2\/pages"}],"about":[{"href":"https:\/\/www.arundegschicht.at\/axams\/wp-json\/wp\/v2\/types\/page"}],"author":[{"embeddable":true,"href":"https:\/\/www.arundegschicht.at\/axams\/wp-json\/wp\/v2\/users\/1"}],"replies":[{"embeddable":true,"href":"https:\/\/www.arundegschicht.at\/axams\/wp-json\/wp\/v2\/comments?post=218"}],"version-history":[{"count":1,"href":"https:\/\/www.arundegschicht.at\/axams\/wp-json\/wp\/v2\/pages\/218\/revisions"}],"predecessor-version":[{"id":1516,"href":"https:\/\/www.arundegschicht.at\/axams\/wp-json\/wp\/v2\/pages\/218\/revisions\/1516"}],"up":[{"embeddable":true,"href":"https:\/\/www.arundegschicht.at\/axams\/wp-json\/wp\/v2\/pages\/29"}],"wp:attachment":[{"href":"https:\/\/www.arundegschicht.at\/axams\/wp-json\/wp\/v2\/media?parent=218"}],"curies":[{"name":"wp","href":"https:\/\/api.w.org\/{rel}","templated":true}]}}