{"id":2182,"date":"2022-04-24T19:53:53","date_gmt":"2022-04-24T18:53:53","guid":{"rendered":"https:\/\/www.arundegschicht.at\/axams\/?page_id=2182"},"modified":"2022-05-02T09:22:32","modified_gmt":"2022-05-02T08:22:32","slug":"kathrin-steiger-dipl-pt","status":"publish","type":"page","link":"https:\/\/www.arundegschicht.at\/axams\/team\/kathrin-steiger-dipl-pt\/","title":{"rendered":"Kathrin Steiger Dipl.PT"},"content":{"rendered":"<div class=\"et_pb_module et_pb_blurb et_pb_blurb_0 et_pb_text_align_left et_pb_blurb_position_top et_pb_bg_layout_light\">\n<div class=\"et_pb_blurb_content\">\n<div class=\"et_pb_blurb_container\">\n<h2><a href=\"https:\/\/www.arundegschicht.at\/axams\/wp-content\/uploads\/2022\/04\/pastedGraphic.png\"><img loading=\"lazy\" decoding=\"async\" class=\"alignnone size-full wp-image-2189\" src=\"https:\/\/www.arundegschicht.at\/axams\/wp-content\/uploads\/2022\/04\/pastedGraphic.png\" alt=\"\" width=\"300\" height=\"300\" srcset=\"https:\/\/www.arundegschicht.at\/axams\/wp-content\/uploads\/2022\/04\/pastedGraphic.png 300w, https:\/\/www.arundegschicht.at\/axams\/wp-content\/uploads\/2022\/04\/pastedGraphic-150x150.png 150w\" sizes=\"(max-width: 300px) 100vw, 300px\" \/><\/a><\/h2>\n<h2><\/h2>\n<h2>Physiotherapeutin Kathrin Steiger<\/h2>\n<\/div>\n<\/div>\n<\/div>\n<p>&nbsp;<\/p>\n<div class=\"et_pb_module et_pb_blurb et_pb_blurb_0 et_pb_text_align_left et_pb_blurb_position_top et_pb_bg_layout_light\">\n<div class=\"et_pb_blurb_content\">\n<div class=\"et_pb_blurb_container\">\n<h2><strong>Ausbildung<\/strong><\/h2>\n<p>Seit mittlerweile gut 15 Jahren bin ich als Physiotherapeutin in freier Praxis t\u00e4tig.\u00a0 Nach meiner Ausbildung zur Physiotherapeutin am AZW in Innsbruck sammelte ich Erfahrung in 3 gro\u00dfen Gemeinschaftspraxen im Raum Innsbruck.<\/p>\n<h2>Fortbildungen und Spezialisierungen<\/h2>\n<p>Begleitend zur Arbeit in der Praxis absolvierte ich regelm\u00e4\u00dfige Fortbildungen im Bereich Sportphysiotherapie, Kinesiotaping, manuelle Lymphdrainage, Faszienbehandlung, Yoga sowie Cranio Sacral Therapie.<\/p>\n<p>Bei der Behandlung von Schmerzen faszinierte mich immer die Frage, wie der K\u00f6rper und die Psyche miteinander in Wechselwirkung stehen. Um dieser Frage nachzugehen habe ich das psychotherapeutische Prop\u00e4deutikum an der Uni Innsbruck absolviert und Ende 2017 erfolgreich abgeschlossen.<\/p>\n<p>Resultierend aus den vielf\u00e4ltigen Fortbildungen und meinen Berufserfahrungen sehe ich es als besonders Wichtig, die Selbstwirksamkeit und Selbstverantwortung des Patienten zu f\u00f6rdern.<\/p>\n<p>Das Wissen zu vermitteln, was jeder selbst gegen seine Schmerzen tun und wie man aktiv zu seiner Genesung beitragen kann, ist daher eine wichtige S\u00e4ule in meiner Behandlung. Denn unser K\u00f6rper heilt erwiesenerma\u00dfen am Besten in Bewegung.<\/p>\n<h3>Therapeutin nach Liebscher und Bracht<\/h3>\n<p>Um die Patienten noch gezielter in ihrer Aktivit\u00e4t und Training unterst\u00fctzen und gezielte Hilfe zur Selbsthilfe anbieten zu k\u00f6nnen, habe ich die Ausbildung zur zertifizierten Liebscher&amp;Bracht Schmerztherapeutin sowie die Fortbildung zur Funktionellen Elektro Muskelstimulation an der Stiwell Academy absolviert.<\/p>\n<h3>Therapeutin f\u00fcr den Beckenboden<\/h3>\n<p>Ein weiterer Spezialisierung ist die Betreuung von gyn\u00e4kologischen Patientinnen insbesondere bei Problemen im Bereich des Beckenbodens.<\/p>\n<p>Seit April 2022 arbeite ich in der Gemeinschaftspraxis a Runde G`schicht in der Innsbruckerstra\u00dfe 30 in Axams an.<\/p>\n<p>Ich bin verheiratet und habe zwei Kinder im Alter von 8 und 12 Jahren. Neben dem Arbeiten als Therapeutin sind auch die Erfahrungen und Herausforderungen des Mutterseins f\u00fcr mich ein Impuls f\u00fcr st\u00e4ndige pers\u00f6nlichen Weiterentwicklung.<\/p>\n<\/div>\n<\/div>\n<\/div>\n<h2>Kontakt<\/h2>\n<div class=\"textwidget custom-html-widget\">\n<p>Kathrin Steiger Dipl. PT<\/p>\n<p><a href=\"http:\/\/www.therapie-pafnitz.at\">www.therapie-pafnitz.at<\/a><\/p>\n<p>e-Mail<br \/>\n<a href=\"mailto:praxis@therapie-pafnitz.at\">praxis@therapie-pafnitz.at<\/a><\/p>\n<p>Telefon<a href=\"tel:+43.664.88674490\"><br \/>\n+43.0664.88674490<\/a><\/p>\n<\/div>\n<div><\/div>\n<p>Termine nach Vereinbarung<br \/>\nAlle Kassen<\/p>\n<p>&nbsp;<\/p>\n<p>&nbsp;<\/p>\n<p><span style=\"font-size: 13px; line-height: 19px;\">\u00a0<\/span><\/p>\n","protected":false},"excerpt":{"rendered":"<p>Physiotherapeutin Kathrin Steiger &nbsp; Ausbildung Seit mittlerweile gut 15 Jahren bin ich als Physiotherapeutin in freier Praxis t\u00e4tig.\u00a0 Nach meiner Ausbildung zur Physiotherapeutin am AZW in Innsbruck sammelte ich Erfahrung <a class=\"more-link\" href=\"https:\/\/www.arundegschicht.at\/axams\/team\/kathrin-steiger-dipl-pt\/\">Weiterlesen \u2192<\/a><\/p>\n","protected":false},"author":3,"featured_media":0,"parent":15,"menu_order":1,"comment_status":"closed","ping_status":"closed","template":"","meta":{"footnotes":""},"_links":{"self":[{"href":"https:\/\/www.arundegschicht.at\/axams\/wp-json\/wp\/v2\/pages\/2182"}],"collection":[{"href":"https:\/\/www.arundegschicht.at\/axams\/wp-json\/wp\/v2\/pages"}],"about":[{"href":"https:\/\/www.arundegschicht.at\/axams\/wp-json\/wp\/v2\/types\/page"}],"author":[{"embeddable":true,"href":"https:\/\/www.arundegschicht.at\/axams\/wp-json\/wp\/v2\/users\/3"}],"replies":[{"embeddable":true,"href":"https:\/\/www.arundegschicht.at\/axams\/wp-json\/wp\/v2\/comments?post=2182"}],"version-history":[{"count":11,"href":"https:\/\/www.arundegschicht.at\/axams\/wp-json\/wp\/v2\/pages\/2182\/revisions"}],"predecessor-version":[{"id":2222,"href":"https:\/\/www.arundegschicht.at\/axams\/wp-json\/wp\/v2\/pages\/2182\/revisions\/2222"}],"up":[{"embeddable":true,"href":"https:\/\/www.arundegschicht.at\/axams\/wp-json\/wp\/v2\/pages\/15"}],"wp:attachment":[{"href":"https:\/\/www.arundegschicht.at\/axams\/wp-json\/wp\/v2\/media?parent=2182"}],"curies":[{"name":"wp","href":"https:\/\/api.w.org\/{rel}","templated":true}]}}