{"id":220,"date":"2013-05-19T12:34:53","date_gmt":"2013-05-19T10:34:53","guid":{"rendered":"http:\/\/www.arundegschicht.at\/psychotherapie\/?page_id=220"},"modified":"2019-07-13T09:06:34","modified_gmt":"2019-07-13T07:06:34","slug":"angststorungen","status":"publish","type":"page","link":"https:\/\/www.arundegschicht.at\/axams\/krankheitsbilder\/angststorungen\/","title":{"rendered":"Angstst\u00f6rungen"},"content":{"rendered":"<p style=\"text-align: justify;\">Darunter ist eine unspezifische Angst oder aber konkrete Furcht vor Spinnen, Hunden oder Schlangen. Es k\u00f6nnen auch \u00c4ngste in\u00a0 Situationen wie bei Pr\u00fcfungen, in der H\u00f6he oder Angst in kleinen R\u00e4umen auftreten.<br \/>\n\u00c4ngste k\u00f6nnen die Lebensqualit\u00e4t sehr beeintr\u00e4chtigen, was als sehr belastend von Betroffenen erlebt wird.<\/p>\n<p style=\"text-align: justify;\">\n","protected":false},"excerpt":{"rendered":"<p>Darunter ist eine unspezifische Angst oder aber konkrete Furcht vor Spinnen, Hunden oder Schlangen. Es k\u00f6nnen auch \u00c4ngste in\u00a0 Situationen wie bei Pr\u00fcfungen, in der H\u00f6he oder Angst in kleinen <a class=\"more-link\" href=\"https:\/\/www.arundegschicht.at\/axams\/krankheitsbilder\/angststorungen\/\">Weiterlesen \u2192<\/a><\/p>\n","protected":false},"author":1,"featured_media":0,"parent":29,"menu_order":2,"comment_status":"closed","ping_status":"closed","template":"","meta":{"footnotes":""},"_links":{"self":[{"href":"https:\/\/www.arundegschicht.at\/axams\/wp-json\/wp\/v2\/pages\/220"}],"collection":[{"href":"https:\/\/www.arundegschicht.at\/axams\/wp-json\/wp\/v2\/pages"}],"about":[{"href":"https:\/\/www.arundegschicht.at\/axams\/wp-json\/wp\/v2\/types\/page"}],"author":[{"embeddable":true,"href":"https:\/\/www.arundegschicht.at\/axams\/wp-json\/wp\/v2\/users\/1"}],"replies":[{"embeddable":true,"href":"https:\/\/www.arundegschicht.at\/axams\/wp-json\/wp\/v2\/comments?post=220"}],"version-history":[{"count":1,"href":"https:\/\/www.arundegschicht.at\/axams\/wp-json\/wp\/v2\/pages\/220\/revisions"}],"predecessor-version":[{"id":1517,"href":"https:\/\/www.arundegschicht.at\/axams\/wp-json\/wp\/v2\/pages\/220\/revisions\/1517"}],"up":[{"embeddable":true,"href":"https:\/\/www.arundegschicht.at\/axams\/wp-json\/wp\/v2\/pages\/29"}],"wp:attachment":[{"href":"https:\/\/www.arundegschicht.at\/axams\/wp-json\/wp\/v2\/media?parent=220"}],"curies":[{"name":"wp","href":"https:\/\/api.w.org\/{rel}","templated":true}]}}