{"id":2284,"date":"2022-12-28T13:57:22","date_gmt":"2022-12-28T12:57:22","guid":{"rendered":"https:\/\/www.arundegschicht.at\/axams\/?page_id=2284"},"modified":"2023-01-05T10:41:47","modified_gmt":"2023-01-05T09:41:47","slug":"logopaedie","status":"publish","type":"page","link":"https:\/\/www.arundegschicht.at\/axams\/logopaedie\/","title":{"rendered":"Logop\u00e4die"},"content":{"rendered":"<p><strong>Logop\u00e4die<\/strong><\/p>\n<p>Logop\u00e4die ist ein medizinisch-therapeutisches Fachgebiet, das sich mit dem Sprechen, der Sprache, der Stimme und dem Schlucken besch\u00e4ftigt. \u00a0Eine logop\u00e4dische Therapie hilft, diese F\u00e4higkeiten zu erwerben, zu erhalten, zu verbessern oder wiederherzustellen.<\/p>\n<p>&nbsp;<\/p>\n<p><strong>Bei Kindern:<\/strong><\/p>\n<p>Abkl\u00e4rung, Elternberatung und Therapie bei Kindern mit Sprachentwicklungsst\u00f6rungen, auch schon bei ganz jungen Kindern<\/p>\n<p>Bei Aussprachest\u00f6rungen wie z.B. Lispeln<\/p>\n<p>Bei Problemen mit der Grammatik<\/p>\n<p>Bei Schwierigkeiten im Sprachverst\u00e4ndnis oder der auditiven Wahrnehmung<\/p>\n<p>Mit Kindern wird die Therapie altersgerecht und spielerisch gestaltet, so dass sie mit Freude mitmachen und ihre F\u00e4higkeiten verbessern.<\/p>\n<p>&nbsp;<\/p>\n<p><strong>Bei Erwachsenen:<\/strong><\/p>\n<p>Bei Sprach- und Sprechst\u00f6rungen im Rahmen von Schlaganf\u00e4llen, neurologischen Erkrankungen wie z.B. Mb. Parkinson, ALS, Demenz oder nach Tumorerkrankungen.<\/p>\n<p>Bei Schluckst\u00f6rungen im Rahmen von neurologischen Erkrankungen oder nach Tumoren.<\/p>\n<p>Bei muskul\u00e4ren Fehlfunktionen wie offene Mundhaltung<\/p>\n<p>Bei Stimmst\u00f6rungen<\/p>\n<p>Logop\u00e4dinnen betrachten stets den ganzen Menschen. In der Therapie geht es um die Kommunikation, die Verst\u00e4ndigung mit unseren Mitmenschen, das Essen und Trinken und damit um die Verbesserung der Lebensqualit\u00e4t.<\/p>\n<p>Ziel ist das Aussch\u00f6pfen der individuellen M\u00f6glichkeiten. Gemeinsam versuchen wir, mit ausgew\u00e4hlten \u00dcbungen diesem Ziel n\u00e4her zu kommen.<\/p>\n<p>&nbsp;<\/p>\n<p>F\u00fcr eine logop\u00e4dische Therapie brauchen Sie eine \u00dcberweisung vom Arzt. Der Hausarzt, Kinderarzt, HNO \u2013 Arzt, Neurologe oder Kieferorthop\u00e4de kann diese Verordnung ausstellen.<\/p>\n<h5><\/h5>\n<h5>Annette Rief-Furtenbach<br \/>\nTel 069911885953<br \/>\nMail: <a href=\"mailto:logopaedie@rief.at\">logopaedie@rief.at<\/a><br \/>\n<a href=\"https:\/\/emea01.safelinks.protection.outlook.com\/?url=http%3A%2F%2Fwww.logopaedie-rief.at%2F&amp;data=05%7C01%7C%7C57d02b02bba24b9523c408dae9db6497%7C84df9e7fe9f640afb435aaaaaaaaaaaa%7C1%7C0%7C638079425739063066%7CUnknown%7CTWFpbGZsb3d8eyJWIjoiMC4wLjAwMDAiLCJQIjoiV2luMzIiLCJBTiI6Ik1haWwiLCJXVCI6Mn0%3D%7C3000%7C%7C%7C&amp;sdata=OzZSw6bP%2F0mtxz18TsQ9oAUN3lavVMyoHSk58DPEcck%3D&amp;reserved=0\">www.logopaedie-rief.at<\/a><\/h5>\n","protected":false},"excerpt":{"rendered":"<p>Logop\u00e4die Logop\u00e4die ist ein medizinisch-therapeutisches Fachgebiet, das sich mit dem Sprechen, der Sprache, der Stimme und dem Schlucken besch\u00e4ftigt. \u00a0Eine logop\u00e4dische Therapie hilft, diese F\u00e4higkeiten zu erwerben, zu erhalten, zu <a class=\"more-link\" href=\"https:\/\/www.arundegschicht.at\/axams\/logopaedie\/\">Weiterlesen \u2192<\/a><\/p>\n","protected":false},"author":3,"featured_media":0,"parent":0,"menu_order":0,"comment_status":"closed","ping_status":"closed","template":"","meta":{"footnotes":""},"_links":{"self":[{"href":"https:\/\/www.arundegschicht.at\/axams\/wp-json\/wp\/v2\/pages\/2284"}],"collection":[{"href":"https:\/\/www.arundegschicht.at\/axams\/wp-json\/wp\/v2\/pages"}],"about":[{"href":"https:\/\/www.arundegschicht.at\/axams\/wp-json\/wp\/v2\/types\/page"}],"author":[{"embeddable":true,"href":"https:\/\/www.arundegschicht.at\/axams\/wp-json\/wp\/v2\/users\/3"}],"replies":[{"embeddable":true,"href":"https:\/\/www.arundegschicht.at\/axams\/wp-json\/wp\/v2\/comments?post=2284"}],"version-history":[{"count":5,"href":"https:\/\/www.arundegschicht.at\/axams\/wp-json\/wp\/v2\/pages\/2284\/revisions"}],"predecessor-version":[{"id":2297,"href":"https:\/\/www.arundegschicht.at\/axams\/wp-json\/wp\/v2\/pages\/2284\/revisions\/2297"}],"wp:attachment":[{"href":"https:\/\/www.arundegschicht.at\/axams\/wp-json\/wp\/v2\/media?parent=2284"}],"curies":[{"name":"wp","href":"https:\/\/api.w.org\/{rel}","templated":true}]}}