{"id":23,"date":"2013-05-17T15:55:25","date_gmt":"2013-05-17T13:55:25","guid":{"rendered":"http:\/\/www.arundegschicht.at\/psychotherapie\/?page_id=23"},"modified":"2022-04-24T20:06:40","modified_gmt":"2022-04-24T19:06:40","slug":"autismus-gruppe-2","status":"publish","type":"page","link":"https:\/\/www.arundegschicht.at\/axams\/autismus-gruppe-2\/","title":{"rendered":"Gruppentherapie"},"content":{"rendered":"<h2><strong>Kinder- und Jugendgruppentherapie<\/strong><\/h2>\n<p>&nbsp;<\/p>\n<p><strong>WER?<\/strong><br \/>\nKinder und Jugendliche mit sozialen Verhaltensauff\u00e4lligkeiten und\/oder externalisierte und internalisierte St\u00f6rungen<br \/>\nGruppe 1: Kinder ab 9 Jahre<br \/>\nGruppe 2: Jugendliche von 14 Jahre bis 17 Jahre<\/p>\n<p><strong>WANN?<\/strong><br \/>\nAb April<\/p>\n<p><strong>WAS?<\/strong><br \/>\nDie Kinder lernen Ressourcen zu entwickeln, positive Gruppenerfahrungen zu sammeln und ihre F\u00e4higkeiten zu st\u00e4rken.<\/p>\n<p><strong>WIE OFT?<\/strong><br \/>\nEin Erstgespr\u00e4ch, ein Zwischengespr\u00e4ch und ein Abschlussgespr\u00e4ch finden mit den Eltern statt<br \/>\nW\u00f6chentlich insgesamt 10 Gruppentermine \u00e1 1,5 Stunden mit den Kindern oder Jugendlichen<\/p>\n<p><strong>WIEVIEL?<\/strong><br \/>\n\u00dcbernahme der gesamten Kosten von der \u00d6GK<\/p>\n<p><strong>WO?<\/strong><br \/>\nJugendland Innsbruck<\/p>\n<p><strong>WIR?<\/strong><br \/>\nInformationen und Terminvereinbarungen<br \/>\nMag. Leo Werth,<br \/>\nTel.: <a href=\"tel:+4369910922759\"><strong>0699-10922759<\/strong><\/a><\/p>\n<p>E-Mail: <a href=\"mailto:leo.werth@arundegschicht.at\">leo.werth@arundegschicht.at<\/a><br \/>\nwww.arundegschicht.at<\/p>\n<p>Weitere Informationen und Download erhalten Sie <a href=\"https:\/\/www.arundegschicht.at\/axams\/wp-content\/uploads\/2022\/02\/KlientenInfoblatt-Gruppenanmeldung2021-mit-Foto.pdf\"><strong>HIER<\/strong><\/a><\/p>\n<p>&nbsp;<\/p>\n<h2>Erwachsene<\/h2>\n<p>&nbsp;<\/p>\n","protected":false},"excerpt":{"rendered":"<p>Kinder- und Jugendgruppentherapie &nbsp; WER? Kinder und Jugendliche mit sozialen Verhaltensauff\u00e4lligkeiten und\/oder externalisierte und internalisierte St\u00f6rungen Gruppe 1: Kinder ab 9 Jahre Gruppe 2: Jugendliche von 14 Jahre bis 17 <a class=\"more-link\" href=\"https:\/\/www.arundegschicht.at\/axams\/autismus-gruppe-2\/\">Weiterlesen \u2192<\/a><\/p>\n","protected":false},"author":3,"featured_media":0,"parent":0,"menu_order":9,"comment_status":"closed","ping_status":"closed","template":"","meta":{"footnotes":""},"_links":{"self":[{"href":"https:\/\/www.arundegschicht.at\/axams\/wp-json\/wp\/v2\/pages\/23"}],"collection":[{"href":"https:\/\/www.arundegschicht.at\/axams\/wp-json\/wp\/v2\/pages"}],"about":[{"href":"https:\/\/www.arundegschicht.at\/axams\/wp-json\/wp\/v2\/types\/page"}],"author":[{"embeddable":true,"href":"https:\/\/www.arundegschicht.at\/axams\/wp-json\/wp\/v2\/users\/3"}],"replies":[{"embeddable":true,"href":"https:\/\/www.arundegschicht.at\/axams\/wp-json\/wp\/v2\/comments?post=23"}],"version-history":[{"count":8,"href":"https:\/\/www.arundegschicht.at\/axams\/wp-json\/wp\/v2\/pages\/23\/revisions"}],"predecessor-version":[{"id":2201,"href":"https:\/\/www.arundegschicht.at\/axams\/wp-json\/wp\/v2\/pages\/23\/revisions\/2201"}],"wp:attachment":[{"href":"https:\/\/www.arundegschicht.at\/axams\/wp-json\/wp\/v2\/media?parent=23"}],"curies":[{"name":"wp","href":"https:\/\/api.w.org\/{rel}","templated":true}]}}