{"id":2319,"date":"2024-09-02T12:24:43","date_gmt":"2024-09-02T11:24:43","guid":{"rendered":"https:\/\/www.arundegschicht.at\/axams\/?page_id=2319"},"modified":"2025-04-30T11:07:27","modified_gmt":"2025-04-30T10:07:27","slug":"maria-krase","status":"publish","type":"page","link":"https:\/\/www.arundegschicht.at\/axams\/maria-krase\/","title":{"rendered":"Maria Krase"},"content":{"rendered":"<p><a href=\"https:\/\/www.arundegschicht.at\/axams\/wp-content\/uploads\/2025\/04\/FOTO-PRAXIS.jpg\"><img loading=\"lazy\" decoding=\"async\" src=\"https:\/\/www.arundegschicht.at\/axams\/wp-content\/uploads\/2025\/04\/FOTO-PRAXIS-229x300.jpg\" alt=\"\" width=\"229\" height=\"300\" class=\"alignnone size-medium wp-image-2325\" srcset=\"https:\/\/www.arundegschicht.at\/axams\/wp-content\/uploads\/2025\/04\/FOTO-PRAXIS-229x300.jpg 229w, https:\/\/www.arundegschicht.at\/axams\/wp-content\/uploads\/2025\/04\/FOTO-PRAXIS-780x1024.jpg 780w, https:\/\/www.arundegschicht.at\/axams\/wp-content\/uploads\/2025\/04\/FOTO-PRAXIS-768x1008.jpg 768w, https:\/\/www.arundegschicht.at\/axams\/wp-content\/uploads\/2025\/04\/FOTO-PRAXIS.jpg 1170w\" sizes=\"(max-width: 229px) 100vw, 229px\" \/><\/a><\/p>\n<p>Dipl. Lebens und Sozialberaterin<br \/>\nEmbodiment Trainerin<br \/>\nElementarp\u00e4dagogin und Fr\u00fcherzieherin<\/p>\n<p><strong>Zusatzqualifikationen:<\/strong><br \/>\nHochschullehrgang F\u00fchrungsmanagement f\u00fcr Leiter\/innen elementarp\u00e4dagogischer<br \/>\nEinrichtungen<br \/>\nEnergetisches Heilen<br \/>\nKurs- Gewaltfreie Kommunikation<\/p>\n<p><strong>Berufserfahrung<\/strong>:<br \/>\nPraktikum Mobiler Hilfsdienst Innsbruck<br \/>\nPraktikum in diversen Kinderkrippen\/ Kinderg\u00e4rten und Horten<br \/>\n20 Jahre Erfahrung als Elementarp\u00e4dagogin\/ Inklusionsbereich, davon 4 als Leiterin;<br \/>\nPsychologische Beratung im Eltern\/ Kind Zentrum Zirl<\/p>\n<p><strong>Ausbildungen:<\/strong><br \/>\nBundesbildungsanstalt f\u00fcr Elementarp\u00e4dagogik 09\/1999-07\/2004<br \/>\nEnergetisches Heilen 2012-2013 ( Vitalist Academy)<br \/>\nPHT -F\u00fchrungsmanagement 10\/2018-02\/2020<br \/>\nVitalakademie Innsbruck &#8211; Dipl. Lebens und Sozialberaterin 10\/2022- 03\/2025<br \/>\nVitalakademie Innsbruck &#8211; Zertifizierte Embodiment Trainerin 2024\/2025<\/p>\n<p><strong>Settings<\/strong>:<br \/>\nEinzel\/ Paare\/Familien<br \/>\nWalk and Talk<\/p>\n<p><strong>Zielgruppe<\/strong>:<br \/>\nKinder\/ Jugendliche\/ Erwachsene<\/p>\n<p><strong>Schwerpunkte<\/strong>:<br \/>\nBegleitung\/ Beratung bei Trennung oder Scheidung ( individuelle-altersspezifische Methoden<br \/>\nbei Kindern)<br \/>\nTrauerbegleitung<br \/>\nFamilienberatung in herausfordernden Zeiten<br \/>\nErziehungsberatung<br \/>\nStressbew\u00e4ltigung<br \/>\nPers\u00f6nlichkeitsentwicklung<br \/>\nEnergiearbeit zur K\u00f6rper und Raumreinigung<\/p>\n<p><strong>Terminvereinbarung<\/strong>:<br \/>\nMaria Krase<br \/>\nTelefon: 006641365933<br \/>\nMail: <a href=\"mailto:mk-psychologischeBeratung@gmx.at\" rel=\"noopener\" target=\"_blank\">mk-psychologischeBeratung@gmx.at<\/a><br \/>\nWeb: <a href=\"http:\/\/www.nat\u00fcrlichmaria.at\" rel=\"noopener\" target=\"_blank\">www.nat\u00fcrlichmaria.at<\/a><\/p>\n","protected":false},"excerpt":{"rendered":"<p>Dipl. Lebens und Sozialberaterin Embodiment Trainerin Elementarp\u00e4dagogin und Fr\u00fcherzieherin Zusatzqualifikationen: Hochschullehrgang F\u00fchrungsmanagement f\u00fcr Leiter\/innen elementarp\u00e4dagogischer Einrichtungen Energetisches Heilen Kurs- Gewaltfreie Kommunikation Berufserfahrung: Praktikum Mobiler Hilfsdienst Innsbruck Praktikum in diversen Kinderkrippen\/ <a class=\"more-link\" href=\"https:\/\/www.arundegschicht.at\/axams\/maria-krase\/\">Weiterlesen \u2192<\/a><\/p>\n","protected":false},"author":3,"featured_media":0,"parent":0,"menu_order":0,"comment_status":"closed","ping_status":"closed","template":"","meta":{"footnotes":""},"_links":{"self":[{"href":"https:\/\/www.arundegschicht.at\/axams\/wp-json\/wp\/v2\/pages\/2319"}],"collection":[{"href":"https:\/\/www.arundegschicht.at\/axams\/wp-json\/wp\/v2\/pages"}],"about":[{"href":"https:\/\/www.arundegschicht.at\/axams\/wp-json\/wp\/v2\/types\/page"}],"author":[{"embeddable":true,"href":"https:\/\/www.arundegschicht.at\/axams\/wp-json\/wp\/v2\/users\/3"}],"replies":[{"embeddable":true,"href":"https:\/\/www.arundegschicht.at\/axams\/wp-json\/wp\/v2\/comments?post=2319"}],"version-history":[{"count":9,"href":"https:\/\/www.arundegschicht.at\/axams\/wp-json\/wp\/v2\/pages\/2319\/revisions"}],"predecessor-version":[{"id":2335,"href":"https:\/\/www.arundegschicht.at\/axams\/wp-json\/wp\/v2\/pages\/2319\/revisions\/2335"}],"wp:attachment":[{"href":"https:\/\/www.arundegschicht.at\/axams\/wp-json\/wp\/v2\/media?parent=2319"}],"curies":[{"name":"wp","href":"https:\/\/api.w.org\/{rel}","templated":true}]}}