{"id":360,"date":"2013-05-24T16:47:52","date_gmt":"2013-05-24T14:47:52","guid":{"rendered":"http:\/\/www.arundegschicht.at\/psychotherapie\/?page_id=360"},"modified":"2019-07-13T09:06:34","modified_gmt":"2019-07-13T07:06:34","slug":"essstorungen","status":"publish","type":"page","link":"https:\/\/www.arundegschicht.at\/axams\/krankheitsbilder\/essstorungen\/","title":{"rendered":"Essst\u00f6rungen"},"content":{"rendered":"<p style=\"text-align: justify;\">Eine Essst\u00f6rung ist gekennzeichnet durch die st\u00e4ndige gedankliche Besch\u00e4ftigung mit dem Essen oder Nichtessen und einer hohen Unzufriedenheit mit dem eigenen K\u00f6rper und dem Gewicht.<\/p>\n<p style=\"text-align: justify;\"><strong>Anorexia Nervosa<i><br \/>\n<\/i><\/strong>Eine Anorexie liegt vor wenn das K\u00f6rpergewicht unter 15% des Normalgewichts betr\u00e4gt. Das Normalgewicht berechnet sich durch den Body-Mass-Index (BMI) wie folgt:<br \/>\nGewicht kg\/ K\u00f6rpergr\u00f6\u00dfe m<sup>2<\/sup>. Eine erwachsene Person sollte einen Wert zwischen 18,5 und 25 haben. Anzeichen f\u00fcr eine Anorexie sind: Angst vor Gewichtszunahme, reduzierte Nahrungsaufnahme, vermehrte k\u00f6rperliche Bet\u00e4tigung, Einnahme von Abf\u00fchrmitteln, ausbleiben der Monatsblutung, St\u00f6rung des K\u00f6rperbildes, regelm\u00e4\u00dfiges Wiegen, Verbot hochkalorischer Lebensmittel;<\/p>\n<p style=\"text-align: justify;\"><strong> Bulimia Nervosa<\/strong><em><br \/>\n<\/em>Wird auch Ess-Brech-Sucht genannt. Bei der Bulimie kommt es h\u00e4ufig zu Hei\u00dfhungerattacken bei deinen es zu einer Aufnahme von einer gro\u00dfen Menge von hochkalorischen Nahrungsmitteln kommt. Als gegensteuernde Ma\u00dfnahme der Gewichtszunahme erbrechen meist die Betroffenen selbstherbeigef\u00fchrt das zuvor Gegessene wieder . Es kann auch durch betreiben von exzessivem Sport, Einnahme von Abf\u00fchrmitteln der Gewichtszunahme entgegengewirkt werden. Personen, die an Bulimie erkrankt sind, haben in kurzer Zeit hohe Gewichtsschwankungen. Ebenso k\u00f6nnen die Z\u00e4hne oftmals von der Magens\u00e4ure besch\u00e4digt sein. Die Wahrnehmung des eigenen K\u00f6rperbildes ist verzerrt. Die Betroffenen nehmen sich als zu dick wahr.<\/p>\n<p>&nbsp;<\/p>\n","protected":false},"excerpt":{"rendered":"<p>Eine Essst\u00f6rung ist gekennzeichnet durch die st\u00e4ndige gedankliche Besch\u00e4ftigung mit dem Essen oder Nichtessen und einer hohen Unzufriedenheit mit dem eigenen K\u00f6rper und dem Gewicht. Anorexia Nervosa Eine Anorexie liegt <a class=\"more-link\" href=\"https:\/\/www.arundegschicht.at\/axams\/krankheitsbilder\/essstorungen\/\">Weiterlesen \u2192<\/a><\/p>\n","protected":false},"author":2,"featured_media":0,"parent":29,"menu_order":5,"comment_status":"closed","ping_status":"closed","template":"","meta":{"footnotes":""},"_links":{"self":[{"href":"https:\/\/www.arundegschicht.at\/axams\/wp-json\/wp\/v2\/pages\/360"}],"collection":[{"href":"https:\/\/www.arundegschicht.at\/axams\/wp-json\/wp\/v2\/pages"}],"about":[{"href":"https:\/\/www.arundegschicht.at\/axams\/wp-json\/wp\/v2\/types\/page"}],"author":[{"embeddable":true,"href":"https:\/\/www.arundegschicht.at\/axams\/wp-json\/wp\/v2\/users\/2"}],"replies":[{"embeddable":true,"href":"https:\/\/www.arundegschicht.at\/axams\/wp-json\/wp\/v2\/comments?post=360"}],"version-history":[{"count":1,"href":"https:\/\/www.arundegschicht.at\/axams\/wp-json\/wp\/v2\/pages\/360\/revisions"}],"predecessor-version":[{"id":1519,"href":"https:\/\/www.arundegschicht.at\/axams\/wp-json\/wp\/v2\/pages\/360\/revisions\/1519"}],"up":[{"embeddable":true,"href":"https:\/\/www.arundegschicht.at\/axams\/wp-json\/wp\/v2\/pages\/29"}],"wp:attachment":[{"href":"https:\/\/www.arundegschicht.at\/axams\/wp-json\/wp\/v2\/media?parent=360"}],"curies":[{"name":"wp","href":"https:\/\/api.w.org\/{rel}","templated":true}]}}