{"id":362,"date":"2013-05-24T16:49:33","date_gmt":"2013-05-24T14:49:33","guid":{"rendered":"http:\/\/www.arundegschicht.at\/psychotherapie\/?page_id=362"},"modified":"2019-07-13T09:06:34","modified_gmt":"2019-07-13T07:06:34","slug":"traumatisierungen","status":"publish","type":"page","link":"https:\/\/www.arundegschicht.at\/axams\/krankheitsbilder\/traumatisierungen\/","title":{"rendered":"Traumatisierungen"},"content":{"rendered":"<p style=\"text-align: justify;\">Ein Trauma ist ein einschneidendes Ereignis, das unerwartet \u00fcber einen hereinbricht oder das beobachtet wird wie z.B.: ein Unfall, eine Naturkatastrophe, zwischenmenschliche Gewalt oder ein sexueller Missbrauch. Traumatische Erlebnisse k\u00f6nnen tiefe seelische Spuren bei den Betroffenen hinterlassen, was sich in psychischen und k\u00f6rperlichen Symptomen ausdr\u00fccken kann. In verschieden Situationen kann es zu &#8222;Flashbacks&#8220; (pl\u00f6tzlich unangenehm, auftauchende Bilder) kommen, die immer wieder an die traumatische Situation erinnern.<\/p>\n","protected":false},"excerpt":{"rendered":"<p>Ein Trauma ist ein einschneidendes Ereignis, das unerwartet \u00fcber einen hereinbricht oder das beobachtet wird wie z.B.: ein Unfall, eine Naturkatastrophe, zwischenmenschliche Gewalt oder ein sexueller Missbrauch. Traumatische Erlebnisse k\u00f6nnen <a class=\"more-link\" href=\"https:\/\/www.arundegschicht.at\/axams\/krankheitsbilder\/traumatisierungen\/\">Weiterlesen \u2192<\/a><\/p>\n","protected":false},"author":2,"featured_media":0,"parent":29,"menu_order":7,"comment_status":"closed","ping_status":"closed","template":"","meta":{"footnotes":""},"_links":{"self":[{"href":"https:\/\/www.arundegschicht.at\/axams\/wp-json\/wp\/v2\/pages\/362"}],"collection":[{"href":"https:\/\/www.arundegschicht.at\/axams\/wp-json\/wp\/v2\/pages"}],"about":[{"href":"https:\/\/www.arundegschicht.at\/axams\/wp-json\/wp\/v2\/types\/page"}],"author":[{"embeddable":true,"href":"https:\/\/www.arundegschicht.at\/axams\/wp-json\/wp\/v2\/users\/2"}],"replies":[{"embeddable":true,"href":"https:\/\/www.arundegschicht.at\/axams\/wp-json\/wp\/v2\/comments?post=362"}],"version-history":[{"count":1,"href":"https:\/\/www.arundegschicht.at\/axams\/wp-json\/wp\/v2\/pages\/362\/revisions"}],"predecessor-version":[{"id":1521,"href":"https:\/\/www.arundegschicht.at\/axams\/wp-json\/wp\/v2\/pages\/362\/revisions\/1521"}],"up":[{"embeddable":true,"href":"https:\/\/www.arundegschicht.at\/axams\/wp-json\/wp\/v2\/pages\/29"}],"wp:attachment":[{"href":"https:\/\/www.arundegschicht.at\/axams\/wp-json\/wp\/v2\/media?parent=362"}],"curies":[{"name":"wp","href":"https:\/\/api.w.org\/{rel}","templated":true}]}}