{"id":402,"date":"2013-06-03T19:13:21","date_gmt":"2013-06-03T17:13:21","guid":{"rendered":"http:\/\/www.arundegschicht.at\/psychotherapie\/?page_id=402"},"modified":"2022-02-03T21:56:13","modified_gmt":"2022-02-03T19:56:13","slug":"klinische-und-gesundheitspsychologie","status":"publish","type":"page","link":"https:\/\/www.arundegschicht.at\/axams\/angebote-2\/klinische-und-gesundheitspsychologie\/","title":{"rendered":"Psychologische Beratung"},"content":{"rendered":"<p>Psychologische Beratung bietet Menschen in schwierigen Lebenssituationen einen neuen Blickwinkel einzunehmen und daraus eine L\u00f6sung zu entwickeln.<\/p>\n<p>Themen f\u00fcr eine Beratung k\u00f6nnen sein:<\/p>\n<ul>\n<li>Trennung\/Scheidung<\/li>\n<li>Konflikte in der Partnerschaft und in der Familie<\/li>\n<li>Krisen<\/li>\n<li>Mobbing<\/li>\n<li>Pers\u00f6nlichkeitsentwicklung<\/li>\n<li>Lernschwierigkeiten<\/li>\n<li>Berufliche Ver\u00e4nderungen<\/li>\n<li>Erziehungsthemen<\/li>\n<li>Frauenspezifische Lebensthemen<\/li>\n<li>Sexuelle Probleme<\/li>\n<li>M\u00e4nnerspezifische Lebensthemen<\/li>\n<li>&#8230;<\/li>\n<\/ul>\n","protected":false},"excerpt":{"rendered":"<p>Psychologische Beratung bietet Menschen in schwierigen Lebenssituationen einen neuen Blickwinkel einzunehmen und daraus eine L\u00f6sung zu entwickeln. Themen f\u00fcr eine Beratung k\u00f6nnen sein: Trennung\/Scheidung Konflikte in der Partnerschaft und in <a class=\"more-link\" href=\"https:\/\/www.arundegschicht.at\/axams\/angebote-2\/klinische-und-gesundheitspsychologie\/\">Weiterlesen \u2192<\/a><\/p>\n","protected":false},"author":3,"featured_media":0,"parent":17,"menu_order":2,"comment_status":"closed","ping_status":"closed","template":"","meta":{"footnotes":""},"_links":{"self":[{"href":"https:\/\/www.arundegschicht.at\/axams\/wp-json\/wp\/v2\/pages\/402"}],"collection":[{"href":"https:\/\/www.arundegschicht.at\/axams\/wp-json\/wp\/v2\/pages"}],"about":[{"href":"https:\/\/www.arundegschicht.at\/axams\/wp-json\/wp\/v2\/types\/page"}],"author":[{"embeddable":true,"href":"https:\/\/www.arundegschicht.at\/axams\/wp-json\/wp\/v2\/users\/3"}],"replies":[{"embeddable":true,"href":"https:\/\/www.arundegschicht.at\/axams\/wp-json\/wp\/v2\/comments?post=402"}],"version-history":[{"count":3,"href":"https:\/\/www.arundegschicht.at\/axams\/wp-json\/wp\/v2\/pages\/402\/revisions"}],"predecessor-version":[{"id":1878,"href":"https:\/\/www.arundegschicht.at\/axams\/wp-json\/wp\/v2\/pages\/402\/revisions\/1878"}],"up":[{"embeddable":true,"href":"https:\/\/www.arundegschicht.at\/axams\/wp-json\/wp\/v2\/pages\/17"}],"wp:attachment":[{"href":"https:\/\/www.arundegschicht.at\/axams\/wp-json\/wp\/v2\/media?parent=402"}],"curies":[{"name":"wp","href":"https:\/\/api.w.org\/{rel}","templated":true}]}}